{"id":3638,"date":"2021-05-27T08:22:27","date_gmt":"2021-05-27T08:22:27","guid":{"rendered":"https:\/\/staging.liquid-themes.com\/lawyer\/?page_id=3638"},"modified":"2024-03-16T22:31:18","modified_gmt":"2024-03-16T22:31:18","slug":"hakkimizda","status":"publish","type":"page","link":"https:\/\/ons-legal.com\/tr\/hakkimizda\/","title":{"rendered":"Hakk\u0131m\u0131zda"},"content":{"rendered":"<p>[vc_row disable_element=&#8221;yes&#8221; css=&#8221;.vc_custom_1632573996637{padding-top: 32px !important;padding-bottom: 32px !important;}&#8221; row_hide=&#8221;hidden-xs hidden-sm&#8221;][vc_column]<style>.ld_custom_menu_69e35ef852fb2 > ul > li > a{font-size:16px;line-height:2em;color:rgba(15, 33, 55, 0.55);}.ld_custom_menu_69e35ef852fb2{margin-inline-start:-10px;margin-inline-end:-10px;background:rgb(255, 255, 255);border-bottom:1px solid rgb(232, 232, 232);}.ld_custom_menu_69e35ef852fb2 li{margin-inline-start:10px;margin-inline-end:10px;}.lqd-stickybar > .lqd-head-col > .header-module > .ld_custom_menu_69e35ef852fb2 li{margin-top:10px;margin-bottom:10px;}.ld_custom_menu_69e35ef852fb2 > ul > li > a:hover, .ld_custom_menu_69e35ef852fb2 li.is-active > a{color:rgb(15, 33, 55);}<\/style><div  \n\tclass=\"lqd-fancy-menu lqd-custom-menu text-center lqd-menu-td-none lqd-sticky-menu lqd-sticky-menu-default lqd-custom-menu-mobile-collapsible ld_custom_menu_69e35ef852fb2\"\n\t\t\tdata-pin=\"true\" \n\t\tdata-pin-options='{ \"start\": \"top+=1 top\", \"offset\": \"[data-sticky-header] .lqd-head-sec-wrap:not(.lqd-hide-onstuck), [data-sticky-header] .lqd-mobile-sec, #wpadminbar\", \"duration\": \"last-link\" }' \n\t\tdata-move-element='{ \"target\": \".vc_row\" }'\n\t>\n<span class=\"lqd-custom-menu-dropdown-btn d-flex align-items-center\" data-target=\"#ld_custom_menu_69e35ef852fb2\" data-toggle=\"collapse\" data-ld-toggle=\"true\" data-toggle-options='{ \"closeOnOutsideClick\": {\"ifNotIn\": \"#lqd-site-content\"} }'>\n\n\t\t\n\t\t\t<span class=\"toggle-label\">\n\t\t\t\t\t\t\tOpen Menu\t\t\t\t\t<\/span>\n\t\n\t<span class=\"expander-icon ml-auto lh-1 d-inline-flex\">\n\t\t<i class=\"lqd-icn-ess icon-ion-ios-arrow-down\"><\/i>\n\t<\/span>\n<\/span>\n\n\t<ul class=\"reset-ul inline-nav\" id=\"ld_custom_menu_69e35ef852fb2\"  data-localscroll=\"true\" data-localscroll-options=\"{&quot;itemsSelector&quot;:&quot;&gt; li &gt; a&quot;,&quot;trackWindowScroll&quot;:true,&quot;includeParentAsOffset&quot;:true,&quot;offsetElements&quot;:&quot;[data-sticky-header] .lqd-head-sec-wrap:not(.lqd-hide-onstuck), #wpadminbar&quot;}\">\n\t<li><a href=\"#history\"> Our History<\/a><\/li><li><a href=\"#consultancy\"> Legal Advice<\/a><\/li><li><a href=\"#digital-solutions\"> Legal Solutions<\/a><\/li><li><a href=\"#team\"> Meet the Team<\/a><\/li><li><a href=\"#clients\"> Clients<\/a><\/li>\t<\/ul>\n<\/div>[\/vc_column][\/vc_row][vc_row responsive_css=&#8221;padding_top_medium:130px|padding_bottom_medium:60px|padding_top_small:80px|padding_bottom_small:60px&#8221; el_id=&#8221;history&#8221; css=&#8221;.vc_custom_1710628256185{padding-top: 40px !important;padding-bottom: 60px !important;}&#8221; el_class=&#8221;customtext&#8221;][vc_column responsive_css=&#8221;margin_bottom_medium:0px&#8221; css=&#8221;.vc_custom_1610039441390{margin-bottom: 110px !important;}&#8221;][vc_column_text]Biz, fikri ve s\u0131nai m\u00fclkiyet alan\u0131nda uzmanla\u015fm\u0131\u015f olan hukuk ve fikri m\u00fclkiyet firmas\u0131y\u0131z. \u0130\u015fimiz, avukatlar, marka ve patent avukatlar\u0131, i\u00e7 soru\u015fturmac\u0131lar ve destek personelinden olu\u015fan \u00f6zel bir ekip arac\u0131l\u0131\u011f\u0131yla, \u00e7e\u015fitli end\u00fcstrilerdeki yabanc\u0131 ve yerli \u015firketlere dava, uygulama, takip ve dan\u0131\u015fmanl\u0131k hizmetleri sunmakt\u0131r. Bu end\u00fcstriler aras\u0131nda tekstil, moda, medya ve e\u011flence, telekom\u00fcnikasyon, yaz\u0131l\u0131m, elektronik, otomotiv, perakende zincirleri ve ila\u00e7lar yer almaktad\u0131r.<\/p>\n<p>T\u00fcrk Patent ve Marka Kurumu \u00f6n\u00fcnde b\u00fcy\u00fck \u00f6l\u00e7ekli fikri m\u00fclkiyet portf\u00f6ylerinin y\u00f6netimi konusunda uzun y\u0131llard\u0131r tecr\u00fcbeye sahip olman\u0131n yan\u0131 s\u0131ra, fikri s\u0131nai haklar alan\u0131nda hukuk ve ceza mahkemelerinde dava takibi yapma konusunda da deneyimli bir ekibe sahibiz. T\u00fcrkiye&#8217;deki yarg\u0131 ve idari makamlar \u00f6n\u00fcnde m\u00fcvekkillerimizi temsil etmenin yan\u0131 s\u0131ra, T\u00fcrk pazar\u0131na uygun fikri m\u00fclkiyet portf\u00f6y\u00fc y\u00f6netimi hizmetleri de sunmaktay\u0131z.[\/vc_column_text][\/vc_column][\/vc_row][vc_row responsive_css=&#8221;padding_top_medium:0px|padding_bottom_medium:60px|padding_top_small:0px|padding_bottom_small:60px&#8221; css=&#8221;.vc_custom_1632857255181{padding-top: 0px !important;padding-bottom: 60px !important;}&#8221; el_class=&#8221;yaziorta&#8221;][vc_column column_content_align=&#8221;justify-content-center&#8221;][vc_row_inner css=&#8221;.vc_custom_1610039332809{padding-top: 20px !important;}&#8221;][vc_column_inner width=&#8221;1\/2&#8243;]<style>.ld_fancy_heading_69e35ef853831 h6{color:rgb(11, 126, 138);}.ld_fancy_heading_69e35ef853831 h6 {font-size:70px; } .ld_fancy_heading_69e35ef853831 h6 {font-weight:500; } .ld_fancy_heading_69e35ef853831 h6 {margin-bottom:0.05em !important;  } .ld_fancy_heading_69e35ef853831 .lqd-highlight-inner{height:0.275em;bottom:0px;}.ld_fancy_heading_69e35ef853831 h6 {font-size:70px; } .ld_fancy_heading_69e35ef853831 h6 {font-weight:500; } .ld_fancy_heading_69e35ef853831 h6 {margin-bottom:0.05em !important;  } <\/style><div class=\"ld-fancy-heading ld_fancy_heading_69e35ef853831\">\n\t<h6 class=\"ld-fh-element lqd-highlight-underline lqd-highlight-grow-left text-decoration-default\"   >  14<\/h6><\/div><style>.ld_fancy_heading_69e35ef853a98 h5 {font-size:19px; } .ld_fancy_heading_69e35ef853a98 h5 {margin-bottom:0.6em !important;  } .ld_fancy_heading_69e35ef853a98 .lqd-highlight-inner{height:0.275em;bottom:0px;}.ld_fancy_heading_69e35ef853a98 h5 {font-size:19px; } .ld_fancy_heading_69e35ef853a98 h5 {margin-bottom:0.6em !important;  } <\/style><div class=\"ld-fancy-heading ld_fancy_heading_69e35ef853a98\">\n\t<h5 class=\"ld-fh-element lqd-highlight-underline lqd-highlight-grow-left text-decoration-default\"   >  Y\u0131ll\u0131k deneyim<\/h5><\/div>[\/vc_column_inner][vc_column_inner width=&#8221;1\/2&#8243;]<style>.ld_fancy_heading_69e35ef853c07 h6{color:rgb(11, 126, 138);}.ld_fancy_heading_69e35ef853c07 h6 {font-size:70px; } .ld_fancy_heading_69e35ef853c07 h6 {font-weight:500; } .ld_fancy_heading_69e35ef853c07 h6 {margin-bottom:0.05em !important;  } .ld_fancy_heading_69e35ef853c07 .lqd-highlight-inner{height:0.275em;bottom:0px;}.ld_fancy_heading_69e35ef853c07 h6 {font-size:70px; } .ld_fancy_heading_69e35ef853c07 h6 {font-weight:500; } .ld_fancy_heading_69e35ef853c07 h6 {margin-bottom:0.05em !important;  } <\/style><div class=\"ld-fancy-heading ld_fancy_heading_69e35ef853c07\">\n\t<h6 class=\"ld-fh-element lqd-highlight-underline lqd-highlight-grow-left text-decoration-default\"   >  85<\/h6><\/div><style>.ld_fancy_heading_69e35ef853d3f h5 {font-size:19px; } .ld_fancy_heading_69e35ef853d3f h5 {margin-bottom:0.6em !important;  } .ld_fancy_heading_69e35ef853d3f .lqd-highlight-inner{height:0.275em;bottom:0px;}.ld_fancy_heading_69e35ef853d3f h5 {font-size:19px; } .ld_fancy_heading_69e35ef853d3f h5 {margin-bottom:0.6em !important;  } <\/style><div class=\"ld-fancy-heading ld_fancy_heading_69e35ef853d3f\">\n\t<h5 class=\"ld-fh-element lqd-highlight-underline lqd-highlight-grow-left text-decoration-default\"   >  Patentlenen marka<\/h5><\/div>[\/vc_column_inner][\/vc_row_inner][\/vc_column][\/vc_row][vc_row responsive_css=&#8221;padding_bottom_medium:60px&#8221;][vc_column width=&#8221;1\/5&#8243;][\/vc_column][vc_column width=&#8221;1\/5&#8243;][vc_single_image image=&#8221;4024&#8243;][\/vc_column][vc_column width=&#8221;1\/5&#8243;][vc_single_image image=&#8221;4023&#8243;][\/vc_column][vc_column width=&#8221;1\/5&#8243;][vc_single_image image=&#8221;4022&#8243;][\/vc_column][vc_column width=&#8221;1\/5&#8243;][\/vc_column][\/vc_row][vc_row video_bg=&#8221;yes&#8221; video_local_mp4_url=&#8221;https:\/\/corporatepro.liquid-themes.com\/wp-content\/uploads\/2021\/01\/vid-1.mp4&#8243; bg_position=&#8221;center center&#8221; css=&#8221;.vc_custom_1610042289593{padding-top: 80px !important;padding-bottom: 80px !important;}&#8221; responsive_css=&#8221;padding_top_medium:130px|padding_bottom_medium:130px|padding_top_small:100px|padding_bottom_small:100px&#8221; el_id=&#8221;consultancy&#8221;][vc_column parallax=&#8221;yes&#8221; enable_backdrop_filter=&#8221;yes&#8221; width=&#8221;2\/3&#8243; scale_from_x=&#8221;1&#8243; scale_from_y=&#8221;1&#8243; from_opacity=&#8221;1&#8243; scale_to_x=&#8221;1&#8243; scale_to_y=&#8221;1&#8243; to_opacity=&#8221;1&#8243; backfilter_blur=&#8221;7&#8243; backfilter_saturation=&#8221;1&#8243; backfilter_brightness=&#8221;1.25&#8243; backfilter_contrast=&#8221;1&#8243; backfilter_grayscale=&#8221;0&#8243; backfilter_hue=&#8221;0&#8243; backfilter_sepia=&#8221;1&#8243; backfilter_opacity=&#8221;1&#8243; scale_from_z=&#8221;1&#8243; scale_to_z=&#8221;1&#8243; responsive_css=&#8221;padding_right_medium:35px|padding_left_medium:50px|padding_right_small:30px|padding_left_small:30px&#8221; offset=&#8221;vc_col-md-6&#8243; css=&#8221;.vc_custom_1612423846224{padding-top: 40px !important;padding-right: 20px !important;padding-bottom: 30px !important;padding-left: 20px !important;background-color: rgba(255,255,255,0.85) !important;*background-color: rgb(255,255,255) !important;border-radius: 4px !important;}&#8221; translate_from_y=&#8221;100&#8243; translate_to_y=&#8221;-100&#8243;][vc_row_inner equal_height=&#8221;yes&#8221; content_placement=&#8221;middle&#8221;][vc_column_inner width=&#8221;7\/12&#8243;]<style>.ld_fancy_heading_69e35ef853e6e h6 {font-size:13px; } .ld_fancy_heading_69e35ef853e6e h6 {letter-spacing:0.1em; } .ld_fancy_heading_69e35ef853e6e h6 {margin-bottom:2.5em !important;  } .ld_fancy_heading_69e35ef853e6e .lqd-highlight-inner{height:0.275em;bottom:0px;}.ld_fancy_heading_69e35ef853e6e h6 {font-size:13px; } .ld_fancy_heading_69e35ef853e6e h6 {letter-spacing:0.1em; } .ld_fancy_heading_69e35ef853e6e h6 {margin-bottom:2.5em !important;  } <\/style><div class=\"ld-fancy-heading text-uppercase ld_fancy_heading_69e35ef853e6e\">\n\t<h6 class=\"ld-fh-element lqd-highlight-underline lqd-highlight-grow-left text-decoration-default\"   >  Ons Legal<\/h6><\/div><style>.ld_fancy_heading_69e35ef853fa5 p{color:rgb(0, 0, 0);}.ld_fancy_heading_69e35ef853fa5 p {font-size:16px; } .ld_fancy_heading_69e35ef853fa5 p {line-height:1.56em; } .ld_fancy_heading_69e35ef853fa5 p {--element-line-height:1.56em; } .ld_fancy_heading_69e35ef853fa5 p {margin-bottom:2em !important;  } .ld_fancy_heading_69e35ef853fa5 .lqd-highlight-inner{height:0.275em;bottom:0px;}.ld_fancy_heading_69e35ef853fa5 p {font-size:16px; } .ld_fancy_heading_69e35ef853fa5 p {line-height:1.56em; } .ld_fancy_heading_69e35ef853fa5 p {--element-line-height:1.56em; } .ld_fancy_heading_69e35ef853fa5 p {margin-bottom:2em !important;  } <\/style><div class=\"ld-fancy-heading ld_fancy_heading_69e35ef853fa5\">\n\t<p class=\"ld-fh-element lqd-highlight-underline lqd-highlight-grow-left text-decoration-default\"   >  Her sekt\u00f6rde uzmanla\u015fan uzman kadromuz, yurt i\u00e7inde ve yurt d\u0131\u015f\u0131nda edindi\u011fimiz bilgi birikimi ile her sekt\u00f6r\u00fcn ihtiya\u00e7lar\u0131na uygun \u00e7\u00f6z\u00fcmler sunuyor.<\/p><\/div><style>.ld_button_69e35ef8540ec.btn-icon-solid .btn-icon{background:rgb(0, 0, 0);}.ld_button_69e35ef8540ec.btn-icon-circle.btn-icon-ripple .btn-icon:before{border-color:rgb(0, 0, 0);}.ld_button_69e35ef8540ec{color:rgb(0, 0, 0);}.ld_button_69e35ef8540ec {font-size:13px; } .ld_button_69e35ef8540ec {line-height:1em; } .ld_button_69e35ef8540ec {--element-line-height:1em; } .ld_button_69e35ef8540ec {font-size:13px; } .ld_button_69e35ef8540ec {line-height:1em; } .ld_button_69e35ef8540ec {--element-line-height:1em; } .ld_button_69e35ef8540ec {font-size:13px; } .ld_button_69e35ef8540ec {line-height:1em; } .ld_button_69e35ef8540ec {--element-line-height:1em; } .ld_button_69e35ef8540ec {font-size:13px; } .ld_button_69e35ef8540ec {line-height:1em; } .ld_button_69e35ef8540ec {--element-line-height:1em; } <\/style><a href=\"\/ekibimiz\/\" class=\"btn btn-naked btn-hover-reveal btn-has-label ld_button_69e35ef8540ec vc_custom_1632575332798\" >\n\t<span>\n\t\t\n\t\t\t\t\t<span class=\"btn-txt\" data-text=\"Ekibimiz ile tan\u0131\u015f\u0131n\" >Ekibimiz ile tan\u0131\u015f\u0131n<\/span>\n\t\t\t\n\t<span class=\"btn-icon\"><i class=\"lqd-icn-ess icon-md-arrow-forward\"><\/i><\/span>\t\t\t\t<\/span>\n<\/a>\n[\/vc_column_inner][vc_column_inner width=&#8221;5\/12&#8243; responsive_align=&#8221;text-center&#8221;]\n<style>.ld_counter_69e35ef854b7b .lqd-counter-element{font-size:240px;line-height:0.95em;font-weight:500;margin-bottom:0px;}.ld_counter_69e35ef854b7b{color:rgb(29, 64, 66);}<\/style><div id=\"ld_counter_69e35ef854b7b\" class=\"lqd-counter lqd-counter-default mb-0 ld_counter_69e35ef854b7b\">\n\n\t<div class=\"lqd-counter-element \" data-enable-counter=\"true\" data-counter-options='{\"targetNumber\":\"8\"}'>\n\t\t<span>8<\/span>\t<\/div><!-- \/.lqd-counter-element -->\n\t\n<\/div><!-- \/.lqd-counter lqd-counter-huge --><style>.ld_spacer_69e35ef854c7f{height:32px;}<\/style>\n<div class=\"ld-empty-space ld_spacer_69e35ef854c7f\"><\/div><style>.ld_fancy_heading_69e35ef854dce p{color:rgb(0, 0, 0);}.ld_fancy_heading_69e35ef854dce p {font-size:16px; } .ld_fancy_heading_69e35ef854dce p {line-height:1em; } .ld_fancy_heading_69e35ef854dce p {--element-line-height:1em; } .ld_fancy_heading_69e35ef854dce p {top:-1.5em !important;  } .ld_fancy_heading_69e35ef854dce .lqd-highlight-inner{height:0.275em;bottom:0px;}.ld_fancy_heading_69e35ef854dce p {font-size:16px; } .ld_fancy_heading_69e35ef854dce p {line-height:1em; } .ld_fancy_heading_69e35ef854dce p {--element-line-height:1em; } .ld_fancy_heading_69e35ef854dce p {top:-1.5em !important;  } <\/style><div class=\"ld-fancy-heading text-center ld_fancy_heading_69e35ef854dce\">\n\t<p class=\"ld-fh-element lqd-highlight-underline lqd-highlight-grow-left text-decoration-default\"   >  Uzman ekip \u00fcyesi<\/p><\/div>[\/vc_column_inner][\/vc_row_inner][\/vc_column][\/vc_row][vc_row gap=&#8221;25&#8243; responsive_css=&#8221;padding_top_medium:120px|padding_bottom_medium:70px|padding_top_small:80px|padding_bottom_small:30px&#8221; css=&#8221;.vc_custom_1611402199584{padding-top: 60px !important;padding-bottom: 20px !important;}&#8221; el_id=&#8221;digital-solutions&#8221;][vc_column width=&#8221;1\/2&#8243; responsive_css=&#8221;margin_bottom_medium:20px&#8221;]<style>.ld_milestone_69e35ef85525e .liquid-milestone-time{color:rgb(15, 33, 55);}<\/style><div id=\"ld_milestone_69e35ef85525e\" class=\"liquid-milestone ld_milestone_69e35ef85525e\">\n\n\t\n\t<div class=\"liquid-milestone-content\">\n\t\t<h5 class=\"text-uppercase\">Marka Ba\u015fvurusu ve Tescili<\/h5>\t\t<p>\u015eirketinizin en de\u011ferli sermayesi olan markan\u0131z\u0131 koruman\u0131n yolu tescil edilmesinden ge\u00e7iyor.<\/p>\n\t<\/div><!-- \/.liquid-milestone-content -->\n\n<\/div><!-- \/.liquid-milestone -->[\/vc_column][vc_column width=&#8221;1\/2&#8243; responsive_css=&#8221;margin_bottom_medium:20px&#8221;]<style>.ld_milestone_69e35ef8553b6 .liquid-milestone-time{color:rgb(15, 33, 55);}<\/style><div id=\"ld_milestone_69e35ef8553b6\" class=\"liquid-milestone ld_milestone_69e35ef8553b6\">\n\n\t\n\t<div class=\"liquid-milestone-content\">\n\t\t<h5 class=\"text-uppercase\">Tasar\u0131m Ba\u015fvurusu ve Tescili<\/h5>\t\t<p>Taklit vakalar\u0131yla kar\u015f\u0131la\u015fmaman\u0131z i\u00e7in \u00fcretti\u011finiz tasar\u0131mlar\u0131 piyasaya sunmadan \u00f6nce tescille koruma alt\u0131na alman\u0131z\u0131 \u00f6neriyoruz.<\/p>\n\t<\/div><!-- \/.liquid-milestone-content -->\n\n<\/div><!-- \/.liquid-milestone -->[\/vc_column][vc_column width=&#8221;1\/2&#8243; responsive_css=&#8221;margin_bottom_medium:20px&#8221;]<style>.ld_milestone_69e35ef855421 .liquid-milestone-time{color:rgb(15, 33, 55);}<\/style><div id=\"ld_milestone_69e35ef855421\" class=\"liquid-milestone ld_milestone_69e35ef855421\">\n\n\t\n\t<div class=\"liquid-milestone-content\">\n\t\t<h5 class=\"text-uppercase\">Patent Ba\u015fvurusu ve Tescili<\/h5>\t\t<p>Ara\u015ft\u0131rma geli\u015ftirme faaliyetleriniz s\u0131ras\u0131nda buldu\u011funuz yenilikleri koruma alt\u0131na alarak, 3. ki\u015filerin kullanmas\u0131na engel olabilirsiniz.<\/p>\n\t<\/div><!-- \/.liquid-milestone-content -->\n\n<\/div><!-- \/.liquid-milestone -->[\/vc_column][vc_column width=&#8221;1\/2&#8243; responsive_css=&#8221;margin_bottom_medium:20px&#8221;]<style>.ld_milestone_69e35ef85547c .liquid-milestone-time{color:rgb(15, 33, 55);}<\/style><div id=\"ld_milestone_69e35ef85547c\" class=\"liquid-milestone ld_milestone_69e35ef85547c\">\n\n\t\n\t<div class=\"liquid-milestone-content\">\n\t\t<h5 class=\"text-uppercase\">Alan Adlar\u0131<\/h5>\t\t<p><span style=\"font-weight: 400;\">Alan ad\u0131 al\u0131m\u0131ndan g\u00fcmr\u00fck koruma hizmetlerine kadar A\u2019dan Z\u2019ye t\u00fcm ihtiya\u00e7lar\u0131n\u0131z\u0131 kar\u015f\u0131l\u0131yoruz.<\/span><\/p>\n\t<\/div><!-- \/.liquid-milestone-content -->\n\n<\/div><!-- \/.liquid-milestone -->[\/vc_column][\/vc_row]<\/p>\n","protected":false},"excerpt":{"rendered":"<p>[vc_row disable_element=&#8221;yes&#8221; css=&#8221;.vc_custom_1632573996637{padding-top: 32px !important;padding-bottom: 32px !important;}&#8221; row_hide=&#8221;hidden-xs hidden-sm&#8221;][vc_column][\/vc_column][\/vc_row][vc_row responsive_css=&#8221;padding_top_medium:130px|padding_bottom_medium:60px|padding_top_small:80px|padding_bottom_small:60px&#8221; el_id=&#8221;history&#8221; css=&#8221;.vc_custom_1710628256185{padding-top: 40px !important;padding-bottom: 60px !important;}&#8221; el_class=&#8221;customtext&#8221;][vc_column responsive_css=&#8221;margin_bottom_medium:0px&#8221; css=&#8221;.vc_custom_1610039441390{margin-bottom: 110px !important;}&#8221;][vc_column_text]Biz, fikri ve s\u0131nai m\u00fclkiyet alan\u0131nda uzmanla\u015fm\u0131\u015f olan hukuk ve fikri m\u00fclkiyet firmas\u0131y\u0131z. \u0130\u015fimiz, avukatlar, marka ve patent avukatlar\u0131, i\u00e7 soru\u015fturmac\u0131lar ve destek personelinden olu\u015fan \u00f6zel bir ekip arac\u0131l\u0131\u011f\u0131yla, \u00e7e\u015fitli end\u00fcstrilerdeki yabanc\u0131 ve yerli \u015firketlere [&hellip;]<\/p>\n","protected":false},"author":1,"featured_media":0,"parent":0,"menu_order":0,"comment_status":"closed","ping_status":"closed","template":"","meta":{"footnotes":""},"class_list":["post-3638","page","type-page","status-publish","hentry"],"yoast_head":"<!-- This site is optimized with the Yoast SEO plugin v22.0 - https:\/\/yoast.com\/wordpress\/plugins\/seo\/ -->\n<title>Hakk\u0131m\u0131zda - Ons Legal<\/title>\n<meta name=\"robots\" content=\"index, follow, max-snippet:-1, max-image-preview:large, max-video-preview:-1\" \/>\n<link rel=\"canonical\" href=\"https:\/\/ons-legal.com\/tr\/hakkimizda\/\" \/>\n<meta property=\"og:locale\" content=\"tr_TR\" \/>\n<meta property=\"og:type\" content=\"article\" \/>\n<meta property=\"og:title\" content=\"Hakk\u0131m\u0131zda - Ons Legal\" \/>\n<meta property=\"og:description\" content=\"[vc_row disable_element=&#8221;yes&#8221; css=&#8221;.vc_custom_1632573996637{padding-top: 32px !important;padding-bottom: 32px !important;}&#8221; row_hide=&#8221;hidden-xs hidden-sm&#8221;][vc_column][\/vc_column][\/vc_row][vc_row responsive_css=&#8221;padding_top_medium:130px|padding_bottom_medium:60px|padding_top_small:80px|padding_bottom_small:60px&#8221; el_id=&#8221;history&#8221; css=&#8221;.vc_custom_1710628256185{padding-top: 40px !important;padding-bottom: 60px !important;}&#8221; el_class=&#8221;customtext&#8221;][vc_column responsive_css=&#8221;margin_bottom_medium:0px&#8221; css=&#8221;.vc_custom_1610039441390{margin-bottom: 110px !important;}&#8221;][vc_column_text]Biz, fikri ve s\u0131nai m\u00fclkiyet alan\u0131nda uzmanla\u015fm\u0131\u015f olan hukuk ve fikri m\u00fclkiyet firmas\u0131y\u0131z. \u0130\u015fimiz, avukatlar, marka ve patent avukatlar\u0131, i\u00e7 soru\u015fturmac\u0131lar ve destek personelinden olu\u015fan \u00f6zel bir ekip arac\u0131l\u0131\u011f\u0131yla, \u00e7e\u015fitli end\u00fcstrilerdeki yabanc\u0131 ve yerli \u015firketlere [&hellip;]\" \/>\n<meta property=\"og:url\" content=\"https:\/\/ons-legal.com\/tr\/hakkimizda\/\" \/>\n<meta property=\"og:site_name\" content=\"Ons Legal\" \/>\n<meta property=\"article:publisher\" content=\"https:\/\/facebook.com\/ons-legal\" \/>\n<meta property=\"article:modified_time\" content=\"2024-03-16T22:31:18+00:00\" \/>\n<meta name=\"twitter:card\" content=\"summary_large_image\" \/>\n<meta name=\"twitter:label1\" content=\"Tahmini okuma s\u00fcresi\" \/>\n\t<meta name=\"twitter:data1\" content=\"4 dakika\" \/>\n<script type=\"application\/ld+json\" class=\"yoast-schema-graph\">{\"@context\":\"https:\/\/schema.org\",\"@graph\":[{\"@type\":\"WebPage\",\"@id\":\"https:\/\/ons-legal.com\/tr\/hakkimizda\/\",\"url\":\"https:\/\/ons-legal.com\/tr\/hakkimizda\/\",\"name\":\"Hakk\u0131m\u0131zda - Ons Legal\",\"isPartOf\":{\"@id\":\"\/#website\"},\"datePublished\":\"2021-05-27T08:22:27+00:00\",\"dateModified\":\"2024-03-16T22:31:18+00:00\",\"breadcrumb\":{\"@id\":\"https:\/\/ons-legal.com\/tr\/hakkimizda\/#breadcrumb\"},\"inLanguage\":\"tr\",\"potentialAction\":[{\"@type\":\"ReadAction\",\"target\":[\"https:\/\/ons-legal.com\/tr\/hakkimizda\/\"]}]},{\"@type\":\"BreadcrumbList\",\"@id\":\"https:\/\/ons-legal.com\/tr\/hakkimizda\/#breadcrumb\",\"itemListElement\":[{\"@type\":\"ListItem\",\"position\":1,\"name\":\"Anasayfa\",\"item\":\"https:\/\/ons-legal.com\/tr\/\"},{\"@type\":\"ListItem\",\"position\":2,\"name\":\"Hakk\u0131m\u0131zda\"}]},{\"@type\":\"WebSite\",\"@id\":\"\/#website\",\"url\":\"\/\",\"name\":\"Ons Legal\",\"description\":\"Markan\u0131z\u0131 Biz Koruyoruz\",\"publisher\":{\"@id\":\"\/#organization\"},\"potentialAction\":[{\"@type\":\"SearchAction\",\"target\":{\"@type\":\"EntryPoint\",\"urlTemplate\":\"\/?s={search_term_string}\"},\"query-input\":\"required name=search_term_string\"}],\"inLanguage\":\"tr\"},{\"@type\":\"Organization\",\"@id\":\"\/#organization\",\"name\":\"Ons Patent\",\"url\":\"\/\",\"logo\":{\"@type\":\"ImageObject\",\"inLanguage\":\"tr\",\"@id\":\"\/#\/schema\/logo\/image\/\",\"url\":\"https:\/\/ons-legal.com\/wp-content\/uploads\/2021\/09\/ons-siyah.png\",\"contentUrl\":\"https:\/\/ons-legal.com\/wp-content\/uploads\/2021\/09\/ons-siyah.png\",\"width\":418,\"height\":260,\"caption\":\"Ons Patent\"},\"image\":{\"@id\":\"\/#\/schema\/logo\/image\/\"},\"sameAs\":[\"https:\/\/facebook.com\/ons-legal\",\"https:\/\/instagram.com\/ons-legal\"]}]}<\/script>\n<!-- \/ Yoast SEO plugin. -->","yoast_head_json":{"title":"Hakk\u0131m\u0131zda - Ons Legal","robots":{"index":"index","follow":"follow","max-snippet":"max-snippet:-1","max-image-preview":"max-image-preview:large","max-video-preview":"max-video-preview:-1"},"canonical":"https:\/\/ons-legal.com\/tr\/hakkimizda\/","og_locale":"tr_TR","og_type":"article","og_title":"Hakk\u0131m\u0131zda - Ons Legal","og_description":"[vc_row disable_element=&#8221;yes&#8221; css=&#8221;.vc_custom_1632573996637{padding-top: 32px !important;padding-bottom: 32px !important;}&#8221; row_hide=&#8221;hidden-xs hidden-sm&#8221;][vc_column][\/vc_column][\/vc_row][vc_row responsive_css=&#8221;padding_top_medium:130px|padding_bottom_medium:60px|padding_top_small:80px|padding_bottom_small:60px&#8221; el_id=&#8221;history&#8221; css=&#8221;.vc_custom_1710628256185{padding-top: 40px !important;padding-bottom: 60px !important;}&#8221; el_class=&#8221;customtext&#8221;][vc_column responsive_css=&#8221;margin_bottom_medium:0px&#8221; css=&#8221;.vc_custom_1610039441390{margin-bottom: 110px !important;}&#8221;][vc_column_text]Biz, fikri ve s\u0131nai m\u00fclkiyet alan\u0131nda uzmanla\u015fm\u0131\u015f olan hukuk ve fikri m\u00fclkiyet firmas\u0131y\u0131z. \u0130\u015fimiz, avukatlar, marka ve patent avukatlar\u0131, i\u00e7 soru\u015fturmac\u0131lar ve destek personelinden olu\u015fan \u00f6zel bir ekip arac\u0131l\u0131\u011f\u0131yla, \u00e7e\u015fitli end\u00fcstrilerdeki yabanc\u0131 ve yerli \u015firketlere [&hellip;]","og_url":"https:\/\/ons-legal.com\/tr\/hakkimizda\/","og_site_name":"Ons Legal","article_publisher":"https:\/\/facebook.com\/ons-legal","article_modified_time":"2024-03-16T22:31:18+00:00","twitter_card":"summary_large_image","twitter_misc":{"Tahmini okuma s\u00fcresi":"4 dakika"},"schema":{"@context":"https:\/\/schema.org","@graph":[{"@type":"WebPage","@id":"https:\/\/ons-legal.com\/tr\/hakkimizda\/","url":"https:\/\/ons-legal.com\/tr\/hakkimizda\/","name":"Hakk\u0131m\u0131zda - Ons Legal","isPartOf":{"@id":"\/#website"},"datePublished":"2021-05-27T08:22:27+00:00","dateModified":"2024-03-16T22:31:18+00:00","breadcrumb":{"@id":"https:\/\/ons-legal.com\/tr\/hakkimizda\/#breadcrumb"},"inLanguage":"tr","potentialAction":[{"@type":"ReadAction","target":["https:\/\/ons-legal.com\/tr\/hakkimizda\/"]}]},{"@type":"BreadcrumbList","@id":"https:\/\/ons-legal.com\/tr\/hakkimizda\/#breadcrumb","itemListElement":[{"@type":"ListItem","position":1,"name":"Anasayfa","item":"https:\/\/ons-legal.com\/tr\/"},{"@type":"ListItem","position":2,"name":"Hakk\u0131m\u0131zda"}]},{"@type":"WebSite","@id":"\/#website","url":"\/","name":"Ons Legal","description":"Markan\u0131z\u0131 Biz Koruyoruz","publisher":{"@id":"\/#organization"},"potentialAction":[{"@type":"SearchAction","target":{"@type":"EntryPoint","urlTemplate":"\/?s={search_term_string}"},"query-input":"required name=search_term_string"}],"inLanguage":"tr"},{"@type":"Organization","@id":"\/#organization","name":"Ons Patent","url":"\/","logo":{"@type":"ImageObject","inLanguage":"tr","@id":"\/#\/schema\/logo\/image\/","url":"https:\/\/ons-legal.com\/wp-content\/uploads\/2021\/09\/ons-siyah.png","contentUrl":"https:\/\/ons-legal.com\/wp-content\/uploads\/2021\/09\/ons-siyah.png","width":418,"height":260,"caption":"Ons Patent"},"image":{"@id":"\/#\/schema\/logo\/image\/"},"sameAs":["https:\/\/facebook.com\/ons-legal","https:\/\/instagram.com\/ons-legal"]}]}},"_links":{"self":[{"href":"https:\/\/ons-legal.com\/tr\/wp-json\/wp\/v2\/pages\/3638","targetHints":{"allow":["GET"]}}],"collection":[{"href":"https:\/\/ons-legal.com\/tr\/wp-json\/wp\/v2\/pages"}],"about":[{"href":"https:\/\/ons-legal.com\/tr\/wp-json\/wp\/v2\/types\/page"}],"author":[{"embeddable":true,"href":"https:\/\/ons-legal.com\/tr\/wp-json\/wp\/v2\/users\/1"}],"replies":[{"embeddable":true,"href":"https:\/\/ons-legal.com\/tr\/wp-json\/wp\/v2\/comments?post=3638"}],"version-history":[{"count":69,"href":"https:\/\/ons-legal.com\/tr\/wp-json\/wp\/v2\/pages\/3638\/revisions"}],"predecessor-version":[{"id":4448,"href":"https:\/\/ons-legal.com\/tr\/wp-json\/wp\/v2\/pages\/3638\/revisions\/4448"}],"wp:attachment":[{"href":"https:\/\/ons-legal.com\/tr\/wp-json\/wp\/v2\/media?parent=3638"}],"curies":[{"name":"wp","href":"https:\/\/api.w.org\/{rel}","templated":true}]}}