{"id":3727,"date":"2021-05-28T13:50:52","date_gmt":"2021-05-28T13:50:52","guid":{"rendered":"https:\/\/staging.liquid-themes.com\/lawyer\/?page_id=3727"},"modified":"2024-03-16T22:27:26","modified_gmt":"2024-03-16T22:27:26","slug":"fikri-mulkiyet-hukuku","status":"publish","type":"page","link":"https:\/\/ons-legal.com\/tr\/fikri-mulkiyet-hukuku\/","title":{"rendered":"Fikri M\u00fclkiyet Hukuku"},"content":{"rendered":"<p>[vc_row content_placement=&#8221;middle&#8221; css=&#8221;.vc_custom_1632784802442{padding-top: 60px !important;padding-bottom: 60px !important;}&#8221;][vc_column column_content_align=&#8221;justify-content-center&#8221; width=&#8221;1\/6&#8243; column_top_ontablet=&#8221;yes&#8221; column_top_onmobile=&#8221;yes&#8221; responsive_css=&#8221;margin_bottom_medium:0px&#8221; css=&#8221;.vc_custom_1632784814858{margin-bottom: 35px !important;}&#8221;][\/vc_column][vc_column width=&#8221;2\/3&#8243;]<style>.ld_content_box_69e34a286a2a1 h2{font-weight:700 !important;}.ld_content_box_69e34a286a2a1 .lqd-fb-bg{background:-webkit-linear-gradient(180deg, rgba(255, 255, 255, 0) 0%, rgba(24, 27, 49, 0.6) 100%);background:linear-gradient(180deg, rgba(255, 255, 255, 0) 0%, rgba(24, 27, 49, 0.6) 100%);}<\/style><div id=\"ld_content_box_69e34a286a2a1\" class=\"lqd-fb lqd-fb-style-1 lqd-fb-style-1-3 round pos-rel overflow-hidden lqd-fb-zoom-img-onhover h-pt-60 ld_content_box_69e34a286a2a1\" data-inview=\"true\">\n\t<div class=\"lqd-fb-inner lqd-overlay\">\n\n\t\t<div class=\"lqd-fb-img lqd-overlay overflow-hidden\">\n\n\t\t<figure data-responsive-bg=\"true\"><img loading=\"lazy\" decoding=\"async\" width=\"1000\" height=\"568\" src=\"data:image\/svg+xml,%3Csvg xmlns=&#039;http:\/\/www.w3.org\/2000\/svg&#039; viewBox=&#039;0 0 1000 568&#039;%3E%3C\/svg%3E\" class=\"w-100 invisible ld-lazyload\" alt=\"\" data-src=\"https:\/\/ons-legal.com\/tr\/wp-content\/uploads\/2024\/03\/\u2060Intellectual-property.jpg\" data-srcset=\"https:\/\/ons-legal.com\/tr\/wp-content\/uploads\/2024\/03\/\u2060Intellectual-property.jpg 1000w, https:\/\/ons-legal.com\/tr\/wp-content\/uploads\/2024\/03\/\u2060Intellectual-property-300x170.jpg 300w\" data-sizes=\"(max-width: 1000px) 100vw, 1000px\" data-aspect=\"1.7605633802817\" \/><\/figure>\t\t\n\t\t<\/div>\n\n\t\t<div class=\"lqd-fb-content lqd-overlay align-items-end\">\n\t\t\t<div class=\"lqd-fb-bg lqd-overlay\"><\/div>\n\t\t\t<div class=\"lqd-fb-hover-overlay lqd-overlay\"><\/div>\n\t\t\t<div class=\"lqd-fb-content-inner d-flex flex-column justify-content-end pos-rel h-100 w-100 w-md-75 p-4 p-md-8\">\n\t\t\t\t\n\t\t\t\t\t\t\t\t\n\t\t\t\t<div\n\t\t\t\tclass=\"lqd-fb-content-bottom mt-auto\"\n\t\t\t\tdata-custom-animations=\"true\"\n\t\t\t\tdata-ca-options='{ \"triggerHandler\": \"inview\", \"animationTarget\": \"all-childs\", \"duration\": 1200, \"delay\": 120,  \"startDelay\": 300, \"initValues\": { \"y\": 30, \"opacity\": 0 }, \"animations\": { \"y\": 0, \"opacity\": 1 } }'>\n\t\t\t\t\t\n\t\t\t\t\t\t\t\t\t\t<h2\n\t\t\t\t\tclass=\"my-0 mb-3\"\n\t\t\t\t\tdata-split-text=\"true\" data-split-options='{ \"type\": \"lines\" }'>Fikri M\u00fclkiyet Hukuku<\/h2>\n\t\t\t\t\t\t\t\t\t\t\n\t\t\t\t\t\n\t\t\t\t\t\t\t\t\t\t<p\n\t\t\t\t\tclass=\"my-0 mb-5\"\n\t\t\t\t\tdata-split-text=\"true\" data-split-options='{ \"type\": \"lines\" }'><\/p>\n<div class=\"split-unit lqd-lines\"><span style=\"color: #ffffff;\">Marka, Patent, Tasar\u0131m, Telif Haklar\u0131, Alan Adlar\u0131<\/span><\/div>\n<p><\/p>\n\t\t\t\t\t\n\t\t\t\t\t\n\t\t\t\t<\/div>\n\t\t\t\t\n\t\t\t<\/div>\n\t\t<\/div>\n\n\t<\/div>\n<\/div>\n[vc_separator color=&#8221;custom&#8221; accent_color=&#8221;rgba(0,0,0,0.1)&#8221; css=&#8221;.vc_custom_1608195050020{margin-top: 10px !important;}&#8221;]<style>.ld_fancy_heading_69e34a2877b35 h3 {font-size:25px; } .ld_fancy_heading_69e34a2877b35 h3 {margin-bottom:1em !important;  } .ld_fancy_heading_69e34a2877b35 .lqd-highlight-inner{height:0.275em;bottom:0px;}.ld_fancy_heading_69e34a2877b35 h3 {font-size:25px; } .ld_fancy_heading_69e34a2877b35 h3 {margin-bottom:1em !important;  } <\/style><div class=\"ld-fancy-heading ld_fancy_heading_69e34a2877b35\">\n\t<h3 class=\"ld-fh-element lqd-highlight-underline lqd-highlight-grow-left text-decoration-default\"   >  Hizmetlerimiz<\/h3><\/div>[vc_row_inner][vc_column_inner][vc_column_text]<\/p>\n<ul>\n<li>T\u00fcrk patent ve marka Kurumu nezdinde ba\u015fvuru ve tescil s\u00fcre\u00e7lerinin takibi<\/li>\n<li>Fikri m\u00fclkiyet dava s\u00fcre\u00e7lerinin takibi<\/li>\n<li>\u00dc\u00e7\u00fcnc\u00fc ki\u015fi ba\u015fvurular\u0131na itiraz<\/li>\n<li>T\u00fcrk Patent ve Marka Kurumu ba\u015fvuru b\u00fcltenin takibi<\/li>\n<li>Fikri Haklar\u0131 Korumaya Y\u00f6nelik \u0130hlallere Kar\u015f\u0131 S\u00fcre\u00e7lerin Y\u00f6netilmesi<\/li>\n<li>Piyasada taklit ve korsan ara\u015ft\u0131r\u0131lmalar\u0131n yap\u0131lmas\u0131<\/li>\n<li>Tescil de\u011fi\u015fikliklerinin kayd\u0131 (devir, birle\u015fme, vb. i\u015flemler)<\/li>\n<li>Patent validasyon i\u015flemlerinin yap\u0131lmas\u0131<\/li>\n<li>S\u00f6zle\u015fmelerin haz\u0131rlanmas\u0131 (lisans, devir, muvafakatname s\u00f6zle\u015fmeleri)<\/li>\n<li>Alternatif uyu\u015fmazl\u0131k \u00e7\u00f6z\u00fcmlerinin sunulmas\u0131 (sulh, arabuluculuk vb.)<\/li>\n<\/ul>\n<p>[\/vc_column_text][\/vc_column_inner][\/vc_row_inner][vc_separator color=&#8221;custom&#8221; accent_color=&#8221;rgba(0,0,0,0.1)&#8221; css=&#8221;.vc_custom_1608195223630{margin-top: 20px !important;}&#8221;][\/vc_column][vc_column width=&#8221;1\/6&#8243;][\/vc_column][\/vc_row]<\/p>\n","protected":false},"excerpt":{"rendered":"<p>[vc_row content_placement=&#8221;middle&#8221; css=&#8221;.vc_custom_1632784802442{padding-top: 60px !important;padding-bottom: 60px !important;}&#8221;][vc_column column_content_align=&#8221;justify-content-center&#8221; width=&#8221;1\/6&#8243; column_top_ontablet=&#8221;yes&#8221; column_top_onmobile=&#8221;yes&#8221; responsive_css=&#8221;margin_bottom_medium:0px&#8221; css=&#8221;.vc_custom_1632784814858{margin-bottom: 35px !important;}&#8221;][\/vc_column][vc_column width=&#8221;2\/3&#8243;][vc_separator color=&#8221;custom&#8221; accent_color=&#8221;rgba(0,0,0,0.1)&#8221; css=&#8221;.vc_custom_1608195050020{margin-top: 10px !important;}&#8221;][vc_row_inner][vc_column_inner][vc_column_text] T\u00fcrk patent ve marka Kurumu nezdinde ba\u015fvuru ve tescil s\u00fcre\u00e7lerinin takibi Fikri m\u00fclkiyet dava s\u00fcre\u00e7lerinin takibi \u00dc\u00e7\u00fcnc\u00fc ki\u015fi ba\u015fvurular\u0131na itiraz T\u00fcrk Patent ve Marka Kurumu ba\u015fvuru b\u00fcltenin takibi Fikri Haklar\u0131 Korumaya Y\u00f6nelik \u0130hlallere Kar\u015f\u0131 [&hellip;]<\/p>\n","protected":false},"author":1,"featured_media":0,"parent":0,"menu_order":0,"comment_status":"closed","ping_status":"closed","template":"","meta":{"footnotes":""},"class_list":["post-3727","page","type-page","status-publish","hentry"],"yoast_head":"<!-- This site is optimized with the Yoast SEO plugin v22.0 - https:\/\/yoast.com\/wordpress\/plugins\/seo\/ -->\n<title>Marka Ba\u015fvuru ve Sorgulamas\u0131 - Ons Patent<\/title>\n<meta name=\"description\" content=\"Ons Patent ile marka ba\u015fvurusu ve sorgulama i\u015flemleri \u00e7ok k\u0131sa bir s\u00fcre i\u00e7erisinde tamamlan\u0131r. Markan\u0131z\u0131n gelece\u011fi i\u00e7in Ons Patent!\" \/>\n<meta name=\"robots\" content=\"index, follow, max-snippet:-1, max-image-preview:large, max-video-preview:-1\" \/>\n<link rel=\"canonical\" href=\"https:\/\/ons-legal.com\/tr\/fikri-mulkiyet-hukuku\/\" \/>\n<meta property=\"og:locale\" content=\"tr_TR\" \/>\n<meta property=\"og:type\" content=\"article\" \/>\n<meta property=\"og:title\" content=\"Marka Ba\u015fvuru ve Sorgulamas\u0131 - Ons Patent\" \/>\n<meta property=\"og:description\" content=\"Ons Patent ile marka ba\u015fvurusu ve sorgulama i\u015flemleri \u00e7ok k\u0131sa bir s\u00fcre i\u00e7erisinde tamamlan\u0131r. Markan\u0131z\u0131n gelece\u011fi i\u00e7in Ons Patent!\" \/>\n<meta property=\"og:url\" content=\"https:\/\/ons-legal.com\/tr\/fikri-mulkiyet-hukuku\/\" \/>\n<meta property=\"og:site_name\" content=\"Ons Legal\" \/>\n<meta property=\"article:publisher\" content=\"https:\/\/facebook.com\/ons-legal\" \/>\n<meta property=\"article:modified_time\" content=\"2024-03-16T22:27:26+00:00\" \/>\n<meta name=\"twitter:card\" content=\"summary_large_image\" \/>\n<meta name=\"twitter:label1\" content=\"Tahmini okuma s\u00fcresi\" \/>\n\t<meta name=\"twitter:data1\" content=\"1 dakika\" \/>\n<script type=\"application\/ld+json\" class=\"yoast-schema-graph\">{\"@context\":\"https:\/\/schema.org\",\"@graph\":[{\"@type\":\"WebPage\",\"@id\":\"https:\/\/ons-legal.com\/tr\/fikri-mulkiyet-hukuku\/\",\"url\":\"https:\/\/ons-legal.com\/tr\/fikri-mulkiyet-hukuku\/\",\"name\":\"Marka Ba\u015fvuru ve Sorgulamas\u0131 - Ons Patent\",\"isPartOf\":{\"@id\":\"\/#website\"},\"datePublished\":\"2021-05-28T13:50:52+00:00\",\"dateModified\":\"2024-03-16T22:27:26+00:00\",\"description\":\"Ons Patent ile marka ba\u015fvurusu ve sorgulama i\u015flemleri \u00e7ok k\u0131sa bir s\u00fcre i\u00e7erisinde tamamlan\u0131r. Markan\u0131z\u0131n gelece\u011fi i\u00e7in Ons Patent!\",\"breadcrumb\":{\"@id\":\"https:\/\/ons-legal.com\/tr\/fikri-mulkiyet-hukuku\/#breadcrumb\"},\"inLanguage\":\"tr\",\"potentialAction\":[{\"@type\":\"ReadAction\",\"target\":[\"https:\/\/ons-legal.com\/tr\/fikri-mulkiyet-hukuku\/\"]}]},{\"@type\":\"BreadcrumbList\",\"@id\":\"https:\/\/ons-legal.com\/tr\/fikri-mulkiyet-hukuku\/#breadcrumb\",\"itemListElement\":[{\"@type\":\"ListItem\",\"position\":1,\"name\":\"Anasayfa\",\"item\":\"https:\/\/ons-legal.com\/tr\/\"},{\"@type\":\"ListItem\",\"position\":2,\"name\":\"Fikri M\u00fclkiyet Hukuku\"}]},{\"@type\":\"WebSite\",\"@id\":\"\/#website\",\"url\":\"\/\",\"name\":\"Ons Legal\",\"description\":\"Markan\u0131z\u0131 Biz Koruyoruz\",\"publisher\":{\"@id\":\"\/#organization\"},\"potentialAction\":[{\"@type\":\"SearchAction\",\"target\":{\"@type\":\"EntryPoint\",\"urlTemplate\":\"\/?s={search_term_string}\"},\"query-input\":\"required name=search_term_string\"}],\"inLanguage\":\"tr\"},{\"@type\":\"Organization\",\"@id\":\"\/#organization\",\"name\":\"Ons Patent\",\"url\":\"\/\",\"logo\":{\"@type\":\"ImageObject\",\"inLanguage\":\"tr\",\"@id\":\"\/#\/schema\/logo\/image\/\",\"url\":\"https:\/\/ons-legal.com\/wp-content\/uploads\/2021\/09\/ons-siyah.png\",\"contentUrl\":\"https:\/\/ons-legal.com\/wp-content\/uploads\/2021\/09\/ons-siyah.png\",\"width\":418,\"height\":260,\"caption\":\"Ons Patent\"},\"image\":{\"@id\":\"\/#\/schema\/logo\/image\/\"},\"sameAs\":[\"https:\/\/facebook.com\/ons-legal\",\"https:\/\/instagram.com\/ons-legal\"]}]}<\/script>\n<!-- \/ Yoast SEO plugin. -->","yoast_head_json":{"title":"Marka Ba\u015fvuru ve Sorgulamas\u0131 - Ons Patent","description":"Ons Patent ile marka ba\u015fvurusu ve sorgulama i\u015flemleri \u00e7ok k\u0131sa bir s\u00fcre i\u00e7erisinde tamamlan\u0131r. Markan\u0131z\u0131n gelece\u011fi i\u00e7in Ons Patent!","robots":{"index":"index","follow":"follow","max-snippet":"max-snippet:-1","max-image-preview":"max-image-preview:large","max-video-preview":"max-video-preview:-1"},"canonical":"https:\/\/ons-legal.com\/tr\/fikri-mulkiyet-hukuku\/","og_locale":"tr_TR","og_type":"article","og_title":"Marka Ba\u015fvuru ve Sorgulamas\u0131 - Ons Patent","og_description":"Ons Patent ile marka ba\u015fvurusu ve sorgulama i\u015flemleri \u00e7ok k\u0131sa bir s\u00fcre i\u00e7erisinde tamamlan\u0131r. Markan\u0131z\u0131n gelece\u011fi i\u00e7in Ons Patent!","og_url":"https:\/\/ons-legal.com\/tr\/fikri-mulkiyet-hukuku\/","og_site_name":"Ons Legal","article_publisher":"https:\/\/facebook.com\/ons-legal","article_modified_time":"2024-03-16T22:27:26+00:00","twitter_card":"summary_large_image","twitter_misc":{"Tahmini okuma s\u00fcresi":"1 dakika"},"schema":{"@context":"https:\/\/schema.org","@graph":[{"@type":"WebPage","@id":"https:\/\/ons-legal.com\/tr\/fikri-mulkiyet-hukuku\/","url":"https:\/\/ons-legal.com\/tr\/fikri-mulkiyet-hukuku\/","name":"Marka Ba\u015fvuru ve Sorgulamas\u0131 - Ons Patent","isPartOf":{"@id":"\/#website"},"datePublished":"2021-05-28T13:50:52+00:00","dateModified":"2024-03-16T22:27:26+00:00","description":"Ons Patent ile marka ba\u015fvurusu ve sorgulama i\u015flemleri \u00e7ok k\u0131sa bir s\u00fcre i\u00e7erisinde tamamlan\u0131r. Markan\u0131z\u0131n gelece\u011fi i\u00e7in Ons Patent!","breadcrumb":{"@id":"https:\/\/ons-legal.com\/tr\/fikri-mulkiyet-hukuku\/#breadcrumb"},"inLanguage":"tr","potentialAction":[{"@type":"ReadAction","target":["https:\/\/ons-legal.com\/tr\/fikri-mulkiyet-hukuku\/"]}]},{"@type":"BreadcrumbList","@id":"https:\/\/ons-legal.com\/tr\/fikri-mulkiyet-hukuku\/#breadcrumb","itemListElement":[{"@type":"ListItem","position":1,"name":"Anasayfa","item":"https:\/\/ons-legal.com\/tr\/"},{"@type":"ListItem","position":2,"name":"Fikri M\u00fclkiyet Hukuku"}]},{"@type":"WebSite","@id":"\/#website","url":"\/","name":"Ons Legal","description":"Markan\u0131z\u0131 Biz Koruyoruz","publisher":{"@id":"\/#organization"},"potentialAction":[{"@type":"SearchAction","target":{"@type":"EntryPoint","urlTemplate":"\/?s={search_term_string}"},"query-input":"required name=search_term_string"}],"inLanguage":"tr"},{"@type":"Organization","@id":"\/#organization","name":"Ons Patent","url":"\/","logo":{"@type":"ImageObject","inLanguage":"tr","@id":"\/#\/schema\/logo\/image\/","url":"https:\/\/ons-legal.com\/wp-content\/uploads\/2021\/09\/ons-siyah.png","contentUrl":"https:\/\/ons-legal.com\/wp-content\/uploads\/2021\/09\/ons-siyah.png","width":418,"height":260,"caption":"Ons Patent"},"image":{"@id":"\/#\/schema\/logo\/image\/"},"sameAs":["https:\/\/facebook.com\/ons-legal","https:\/\/instagram.com\/ons-legal"]}]}},"_links":{"self":[{"href":"https:\/\/ons-legal.com\/tr\/wp-json\/wp\/v2\/pages\/3727","targetHints":{"allow":["GET"]}}],"collection":[{"href":"https:\/\/ons-legal.com\/tr\/wp-json\/wp\/v2\/pages"}],"about":[{"href":"https:\/\/ons-legal.com\/tr\/wp-json\/wp\/v2\/types\/page"}],"author":[{"embeddable":true,"href":"https:\/\/ons-legal.com\/tr\/wp-json\/wp\/v2\/users\/1"}],"replies":[{"embeddable":true,"href":"https:\/\/ons-legal.com\/tr\/wp-json\/wp\/v2\/comments?post=3727"}],"version-history":[{"count":30,"href":"https:\/\/ons-legal.com\/tr\/wp-json\/wp\/v2\/pages\/3727\/revisions"}],"predecessor-version":[{"id":4443,"href":"https:\/\/ons-legal.com\/tr\/wp-json\/wp\/v2\/pages\/3727\/revisions\/4443"}],"wp:attachment":[{"href":"https:\/\/ons-legal.com\/tr\/wp-json\/wp\/v2\/media?parent=3727"}],"curies":[{"name":"wp","href":"https:\/\/api.w.org\/{rel}","templated":true}]}}