{"id":3729,"date":"2021-05-28T13:53:04","date_gmt":"2021-05-28T13:53:04","guid":{"rendered":"https:\/\/staging.liquid-themes.com\/lawyer\/?page_id=3729"},"modified":"2025-12-04T23:46:39","modified_gmt":"2025-12-04T23:46:39","slug":"iletisim","status":"publish","type":"page","link":"https:\/\/ons-legal.com\/tr\/iletisim\/","title":{"rendered":"\u0130leti\u015fim"},"content":{"rendered":"<p>[vc_row content_placement=&#8221;middle&#8221; responsive_css=&#8221;padding_top_medium:100px|padding_bottom_medium:100px|padding_top_small:80px|padding_bottom_small:80px&#8221; css=&#8221;.vc_custom_1610102039754{padding-top: 30px !important;padding-bottom: 60px !important;}&#8221;][vc_column enable_content_animation=&#8221;yes&#8221; ca_init_scale_x=&#8221;1&#8243; ca_init_scale_y=&#8221;1&#8243; ca_init_opacity=&#8221;0&#8243; ca_an_scale_x=&#8221;1&#8243; ca_an_scale_y=&#8221;1&#8243; ca_an_opacity=&#8221;1&#8243; ca_init_scale_z=&#8221;1&#8243; ca_an_scale_z=&#8221;1&#8243; offset=&#8221;vc_col-lg-4 vc_col-md-6&#8243; ca_duration=&#8221;1800&#8243; ca_delay=&#8221;180&#8243; ca_init_translate_y=&#8221;60&#8243; css=&#8221;.vc_custom_1611401104375{padding-top: 35px !important;padding-bottom: 35px !important;}&#8221;]<style>.ld_fancy_heading_69e366ad395b2 h3 {font-size:24px; } @media (min-width: 992px) { .ld_fancy_heading_69e366ad395b2 h3 {padding-right:14% !important;  }  } .ld_fancy_heading_69e366ad395b2 h3 {margin-bottom:30px !important;  } .ld_fancy_heading_69e366ad395b2 .lqd-highlight-inner{height:0.275em;bottom:0px;}.ld_fancy_heading_69e366ad395b2 h3 {font-size:24px; } @media (min-width: 992px) { .ld_fancy_heading_69e366ad395b2 h3 {padding-right:14% !important;  }  } .ld_fancy_heading_69e366ad395b2 h3 {margin-bottom:30px !important;  } <\/style><div class=\"ld-fancy-heading ld_fancy_heading_69e366ad395b2\">\n\t<h3 class=\"ld-fh-element lqd-highlight-underline lqd-highlight-grow-left text-decoration-default\"   >  <span style=\"font-weight: 400\">ONS LEGAL<\/span><\/h3><\/div><style>.ld_icon_box_69e366ad3996d h3{color:rgba(0, 0, 0, 0.6);font-size:15px;}.ld_icon_box_69e366ad3996d .iconbox-icon-container{border-radius:px;}<\/style>\n<div class=\"iconbox iconbox-inline text-align-default ld_icon_box_69e366ad3996d vc_custom_1764891997251\" id=\"ld_icon_box_69e366ad3996d\"   >\n\t\n\t\t\t\t\t\n\t\n\t<div class=\"iconbox-icon-wrap\"><span class=\"iconbox-icon-container\"><img decoding=\"async\" src=\"\" class=\"liquid-image-icon\" \/><\/span><\/div>\t\n\t<h3 class=\"font-weight-normal\">Adres: Hanspaces, Nispetiye Cd 24\u202f\u202f\u202f\u202f\u202f\u202f\u202f\u202f\u202f Etiler\/Be\u015fikta\u015f, \u0130stanbul<\/h3>\t\n\t\t\n\t\t\n\t\t\t\t\n\t\t\n\t\n<\/div>\n<style>.ld_icon_box_69e366ad3a68c h3{color:rgba(0, 0, 0, 0.6);margin-bottom:px;font-size:15px;}.ld_icon_box_69e366ad3a68c .iconbox-icon-container{border-radius:px;}<\/style>\n<div class=\"iconbox iconbox-inline text-align-default ld_icon_box_69e366ad3a68c vc_custom_1710358437731\" id=\"ld_icon_box_69e366ad3a68c\"   >\n\t\n\t\t\t\t\t\n\t\n\t<div class=\"iconbox-icon-wrap\"><span class=\"iconbox-icon-container\"><img decoding=\"async\" src=\"\" class=\"liquid-image-icon\" \/><\/span><\/div>\t\n\t<h3 class=\"font-weight-normal\">Email: info@ons-legal.com<\/h3>\t\n\t\t\n\t\t\n\t\t\t\t\n\t\t\n\t\n<\/div>\n<style>.ld_icon_box_69e366ad3ab46 h3{color:rgba(0, 0, 0, 0.6);margin-bottom:px;font-size:15px;}.ld_icon_box_69e366ad3ab46 .iconbox-icon-container{border-radius:px;}<\/style>\n<div class=\"iconbox iconbox-inline text-align-default ld_icon_box_69e366ad3ab46 vc_custom_1710358443321\" id=\"ld_icon_box_69e366ad3ab46\"   >\n\t\n\t\t\t\t\t\n\t\n\t<div class=\"iconbox-icon-wrap\"><span class=\"iconbox-icon-container\"><img decoding=\"async\" src=\"\" class=\"liquid-image-icon\" \/><\/span><\/div>\t\n\t<h3 class=\"font-weight-normal\">Tel: +90 541 465 76 39<\/h3>\t\n\t\t\n\t\t\n\t\t\t\t\n\t\t\n\t\n<\/div>\n[\/vc_column][vc_column enable_column_shadowbox=&#8221;yes&#8221; enable_content_animation=&#8221;yes&#8221; ca_init_scale_x=&#8221;1&#8243; ca_init_scale_y=&#8221;1&#8243; ca_init_opacity=&#8221;0&#8243; ca_an_scale_x=&#8221;1&#8243; ca_an_scale_y=&#8221;1&#8243; ca_an_opacity=&#8221;1&#8243; ca_init_scale_z=&#8221;1&#8243; ca_an_scale_z=&#8221;1&#8243; offset=&#8221;vc_col-md-offset-1 vc_col-md-7&#8243; css=&#8221;.vc_custom_1611401114925{padding-top: 35px !important;padding-right: 50px !important;padding-bottom: 40px !important;padding-left: 50px !important;background-color: #ffffff !important;border-radius: 5px !important;}&#8221; column_box_shadow=&#8221;%5B%7B%22x_offset%22%3A%220%22%2C%22y_offset%22%3A%2210px%22%2C%22blur_radius%22%3A%2260px%22%2C%22shadow_color%22%3A%22rgba(0%2C%200%2C%200%2C%200.07)%22%7D%5D&#8221; responsive_css=&#8221;padding_bottom_medium:20px&#8221; ca_duration=&#8221;1800&#8243; ca_start_delay=&#8221;250&#8243; ca_delay=&#8221;180&#8243; ca_init_translate_y=&#8221;35&#8243;]<style>.ld_cf7_69e366ad3ad7c input,.ld_cf7_69e366ad3ad7c textarea,.ld_cf7_69e366ad3ad7c .ui-button.ui-selectmenu-button{font-size:14px;font-weight:400;}.ld_cf7_69e366ad3ad7c input[type=\"submit\"]{font-size:16px;font-weight:700;background:rgb(10, 15, 30);color:rgb(255, 255, 255);border-color:rgb(10, 15, 30);}.ld_cf7_69e366ad3ad7c input, .ld_cf7_69e366ad3ad7c select, .ld_cf7_69e366ad3ad7c textarea, .ld_cf7_69e366ad3ad7c .ui-button.ui-selectmenu-button, .ld_cf7_69e366ad3ad7c .wpcf7-form-control-wrap > i, .ld_cf7_69e366ad3ad7c .wpcf7-radio{color:rgb(0, 0, 0);}.ld_cf7_69e366ad3ad7c input:focus, .ld_cf7_69e366ad3ad7c select:focus, .ld_cf7_69e366ad3ad7c textarea:focus, .ld_cf7_69e366ad3ad7c .ui-button.ui-selectmenu-button:hover, .wpcf7-acceptance .wpcf7-list-item-label:after{color:rgb(0, 0, 0);}.ld_cf7_69e366ad3ad7c input, .ld_cf7_69e366ad3ad7c select, .ld_cf7_69e366ad3ad7c textarea, .ld_cf7_69e366ad3ad7c .ui-button.ui-selectmenu-button, .ld_cf7_69e366ad3ad7c .wpcf7-acceptance .wpcf7-list-item-label:before{border-color:rgb(208, 215, 222);}.ld_cf7_69e366ad3ad7c input:focus, .ld_cf7_69e366ad3ad7c select:focus, .ld_cf7_69e366ad3ad7c textarea:focus, .ld_cf7_69e366ad3ad7c .ui-button.ui-selectmenu-button:hover{border-color:rgb(0, 0, 0);}.ld_cf7_69e366ad3ad7c input[type=\"submit\"]:focus,.ld_cf7_69e366ad3ad7c input[type=\"submit\"]:hover{background:rgb(0, 0, 0);}.ld_cf7_69e366ad3ad7c input[type=\"submit\"]:hover{color:rgb(255, 255, 255);border-color:rgb(0, 0, 0);}.ld_cf7_69e366ad3ad7c .wpcf7-form-control-wrap{margin-bottom:30px;}<\/style><div id=\"ld_cf7_69e366ad3ad7c\" class=\"lqd-contact-form lqd-contact-form-inputs-underlined lqd-contact-form-inputs-border-thick lqd-contact-form-button-lg lqd-contact-form-button-block lqd-contact-form-button-round ld_cf7_69e366ad3ad7c vc_custom_1632575962662\">\n\t\n<div class=\"wpcf7 no-js\" id=\"wpcf7-f3863-o1\" lang=\"tr-TR\" dir=\"ltr\">\n<div class=\"screen-reader-response\"><p role=\"status\" aria-live=\"polite\" aria-atomic=\"true\"><\/p> <ul><\/ul><\/div>\n<form action=\"\/tr\/wp-json\/wp\/v2\/pages\/3729#wpcf7-f3863-o1\" method=\"post\" class=\"wpcf7-form init\" aria-label=\"Contact form\" novalidate=\"novalidate\" data-status=\"init\">\n<div style=\"display: none;\">\n<input type=\"hidden\" name=\"_wpcf7\" value=\"3863\" \/>\n<input type=\"hidden\" name=\"_wpcf7_version\" value=\"5.8.7\" \/>\n<input type=\"hidden\" name=\"_wpcf7_locale\" value=\"tr_TR\" \/>\n<input type=\"hidden\" name=\"_wpcf7_unit_tag\" value=\"wpcf7-f3863-o1\" \/>\n<input type=\"hidden\" name=\"_wpcf7_container_post\" value=\"0\" \/>\n<input type=\"hidden\" name=\"_wpcf7_posted_data_hash\" value=\"\" \/>\n<\/div>\n<div class=\"row\">\n\t<div class=\"col-md-6\">\n\t\t<p style=\"margin: 0; color: rgba(0 0 0 \/ 0.3); font-size: 12px;\">Ad\u0131n\u0131z Soyad\u0131n\u0131z\n\t\t<\/p>\n\t\t<p><span class=\"wpcf7-form-control-wrap\" data-name=\"text-619\"><input size=\"40\" class=\"wpcf7-form-control wpcf7-text wpcf7-validates-as-required\" aria-required=\"true\" aria-invalid=\"false\" placeholder=\"Ad\u0131n\u0131z Soyad\u0131n\u0131z\" value=\"\" type=\"text\" name=\"text-619\" \/><\/span>\n\t\t<\/p>\n\t<\/div>\n\t<div class=\"col-md-6\">\n\t\t<p style=\"margin: 0; color: rgba(0 0 0 \/ 0.3); font-size: 12px;\">Email Adresiniz\n\t\t<\/p>\n\t\t<p><span class=\"wpcf7-form-control-wrap\" data-name=\"email-899\"><input size=\"40\" class=\"wpcf7-form-control wpcf7-email wpcf7-validates-as-required wpcf7-text wpcf7-validates-as-email\" aria-required=\"true\" aria-invalid=\"false\" placeholder=\"Email Adresiniz\" value=\"\" type=\"email\" name=\"email-899\" \/><\/span>\n\t\t<\/p>\n\t<\/div>\n\t<div class=\"col-md-6\">\n\t\t<p style=\"margin: 0; color: rgba(0 0 0 \/ 0.3); font-size: 12px;\">(Opsiyonel)\n\t\t<\/p>\n\t\t<p><span class=\"wpcf7-form-control-wrap\" data-name=\"tel-957\"><input size=\"40\" class=\"wpcf7-form-control wpcf7-tel wpcf7-text wpcf7-validates-as-tel\" aria-invalid=\"false\" placeholder=\"Telefon Numaras\u0131\" value=\"\" type=\"tel\" name=\"tel-957\" \/><\/span>\n\t\t<\/p>\n\t<\/div>\n\t<div class=\"col-md-6\">\n\t\t<p style=\"margin: 0; color: rgba(0 0 0 \/ 0.3); font-size: 12px;\">Marka Ad\u0131\n\t\t<\/p>\n\t\t<p><span class=\"wpcf7-form-control-wrap\" data-name=\"text-353\"><input size=\"40\" class=\"wpcf7-form-control wpcf7-text wpcf7-validates-as-required\" aria-required=\"true\" aria-invalid=\"false\" placeholder=\"Talep etti\u011finiz marka ad\u0131\" value=\"\" type=\"text\" name=\"text-353\" \/><\/span>\n\t\t<\/p>\n\t<\/div>\n\t<div class=\"col-md-12\">\n\t\t<p style=\"margin: 0; color: rgba(0 0 0 \/ 0.3); font-size: 12px;\">Mesaj\u0131n\u0131z\n\t\t<\/p>\n\t\t<p><span class=\"wpcf7-form-control-wrap\" data-name=\"textarea-889\"><textarea cols=\"10\" rows=\"4\" class=\"wpcf7-form-control wpcf7-textarea wpcf7-validates-as-required\" aria-required=\"true\" aria-invalid=\"false\" placeholder=\"L\u00fctfen bize projeniz hakk\u0131nda bilgi veriniz.\" name=\"textarea-889\"><\/textarea><\/span>\n\t\t<\/p>\n\t<\/div>\n\t<div class=\"col-md-12\">\n\t\t<p><span class=\"wpcf7-form-control-wrap\" data-name=\"acceptance-666\"><span class=\"wpcf7-form-control wpcf7-acceptance optional\"><span class=\"wpcf7-list-item\"><label><input type=\"checkbox\" name=\"acceptance-666\" value=\"1\" aria-invalid=\"false\" \/><span class=\"wpcf7-list-item-label\">Gizlilik politikas\u0131n\u0131 okudum ve onayl\u0131yorum<\/span><\/label><\/span><\/span><\/span>\n\t\t<\/p>\n\t<\/div>\n\t<div class=\"col-md-12\">\n\t\t<p><input class=\"wpcf7-form-control wpcf7-submit has-spinner\" type=\"submit\" value=\"Mesaj\u0131 G\u00f6nder\" \/>\n\t\t<\/p>\n\t<\/div>\n<\/div><div class=\"wpcf7-response-output\" aria-hidden=\"true\"><\/div>\n<\/form>\n<\/div>\n<\/div>[\/vc_column][\/vc_row]<\/p>\n","protected":false},"excerpt":{"rendered":"<p>[vc_row content_placement=&#8221;middle&#8221; responsive_css=&#8221;padding_top_medium:100px|padding_bottom_medium:100px|padding_top_small:80px|padding_bottom_small:80px&#8221; css=&#8221;.vc_custom_1610102039754{padding-top: 30px !important;padding-bottom: 60px !important;}&#8221;][vc_column enable_content_animation=&#8221;yes&#8221; ca_init_scale_x=&#8221;1&#8243; ca_init_scale_y=&#8221;1&#8243; ca_init_opacity=&#8221;0&#8243; ca_an_scale_x=&#8221;1&#8243; ca_an_scale_y=&#8221;1&#8243; ca_an_opacity=&#8221;1&#8243; ca_init_scale_z=&#8221;1&#8243; ca_an_scale_z=&#8221;1&#8243; offset=&#8221;vc_col-lg-4 vc_col-md-6&#8243; ca_duration=&#8221;1800&#8243; ca_delay=&#8221;180&#8243; ca_init_translate_y=&#8221;60&#8243; css=&#8221;.vc_custom_1611401104375{padding-top: 35px !important;padding-bottom: 35px !important;}&#8221;][\/vc_column][vc_column enable_column_shadowbox=&#8221;yes&#8221; enable_content_animation=&#8221;yes&#8221; ca_init_scale_x=&#8221;1&#8243; ca_init_scale_y=&#8221;1&#8243; ca_init_opacity=&#8221;0&#8243; ca_an_scale_x=&#8221;1&#8243; ca_an_scale_y=&#8221;1&#8243; ca_an_opacity=&#8221;1&#8243; ca_init_scale_z=&#8221;1&#8243; ca_an_scale_z=&#8221;1&#8243; offset=&#8221;vc_col-md-offset-1 vc_col-md-7&#8243; css=&#8221;.vc_custom_1611401114925{padding-top: 35px !important;padding-right: 50px !important;padding-bottom: 40px !important;padding-left: 50px !important;background-color: #ffffff !important;border-radius: 5px !important;}&#8221; column_box_shadow=&#8221;%5B%7B%22x_offset%22%3A%220%22%2C%22y_offset%22%3A%2210px%22%2C%22blur_radius%22%3A%2260px%22%2C%22shadow_color%22%3A%22rgba(0%2C%200%2C%200%2C%200.07)%22%7D%5D&#8221; responsive_css=&#8221;padding_bottom_medium:20px&#8221; ca_duration=&#8221;1800&#8243; [&hellip;]<\/p>\n","protected":false},"author":1,"featured_media":0,"parent":0,"menu_order":0,"comment_status":"closed","ping_status":"closed","template":"","meta":{"footnotes":""},"class_list":["post-3729","page","type-page","status-publish","hentry"],"yoast_head":"<!-- This site is optimized with the Yoast SEO plugin v22.0 - https:\/\/yoast.com\/wordpress\/plugins\/seo\/ -->\n<title>\u0130leti\u015fim - Ons Legal<\/title>\n<meta name=\"robots\" content=\"index, follow, max-snippet:-1, max-image-preview:large, max-video-preview:-1\" \/>\n<link rel=\"canonical\" href=\"https:\/\/ons-legal.com\/tr\/iletisim\/\" \/>\n<meta property=\"og:locale\" content=\"tr_TR\" \/>\n<meta property=\"og:type\" content=\"article\" \/>\n<meta property=\"og:title\" content=\"\u0130leti\u015fim - Ons Legal\" \/>\n<meta property=\"og:description\" content=\"[vc_row content_placement=&#8221;middle&#8221; responsive_css=&#8221;padding_top_medium:100px|padding_bottom_medium:100px|padding_top_small:80px|padding_bottom_small:80px&#8221; css=&#8221;.vc_custom_1610102039754{padding-top: 30px !important;padding-bottom: 60px !important;}&#8221;][vc_column enable_content_animation=&#8221;yes&#8221; ca_init_scale_x=&#8221;1&#8243; ca_init_scale_y=&#8221;1&#8243; ca_init_opacity=&#8221;0&#8243; ca_an_scale_x=&#8221;1&#8243; ca_an_scale_y=&#8221;1&#8243; ca_an_opacity=&#8221;1&#8243; ca_init_scale_z=&#8221;1&#8243; ca_an_scale_z=&#8221;1&#8243; offset=&#8221;vc_col-lg-4 vc_col-md-6&#8243; ca_duration=&#8221;1800&#8243; ca_delay=&#8221;180&#8243; ca_init_translate_y=&#8221;60&#8243; css=&#8221;.vc_custom_1611401104375{padding-top: 35px !important;padding-bottom: 35px !important;}&#8221;][\/vc_column][vc_column enable_column_shadowbox=&#8221;yes&#8221; enable_content_animation=&#8221;yes&#8221; ca_init_scale_x=&#8221;1&#8243; ca_init_scale_y=&#8221;1&#8243; ca_init_opacity=&#8221;0&#8243; ca_an_scale_x=&#8221;1&#8243; ca_an_scale_y=&#8221;1&#8243; ca_an_opacity=&#8221;1&#8243; ca_init_scale_z=&#8221;1&#8243; ca_an_scale_z=&#8221;1&#8243; offset=&#8221;vc_col-md-offset-1 vc_col-md-7&#8243; css=&#8221;.vc_custom_1611401114925{padding-top: 35px !important;padding-right: 50px !important;padding-bottom: 40px !important;padding-left: 50px !important;background-color: #ffffff !important;border-radius: 5px !important;}&#8221; column_box_shadow=&#8221;%5B%7B%22x_offset%22%3A%220%22%2C%22y_offset%22%3A%2210px%22%2C%22blur_radius%22%3A%2260px%22%2C%22shadow_color%22%3A%22rgba(0%2C%200%2C%200%2C%200.07)%22%7D%5D&#8221; responsive_css=&#8221;padding_bottom_medium:20px&#8221; ca_duration=&#8221;1800&#8243; [&hellip;]\" \/>\n<meta property=\"og:url\" content=\"https:\/\/ons-legal.com\/tr\/iletisim\/\" \/>\n<meta property=\"og:site_name\" content=\"Ons Legal\" \/>\n<meta property=\"article:publisher\" content=\"https:\/\/facebook.com\/ons-legal\" \/>\n<meta property=\"article:modified_time\" content=\"2025-12-04T23:46:39+00:00\" \/>\n<meta name=\"twitter:card\" content=\"summary_large_image\" \/>\n<meta name=\"twitter:label1\" content=\"Tahmini okuma s\u00fcresi\" \/>\n\t<meta name=\"twitter:data1\" content=\"2 dakika\" \/>\n<script type=\"application\/ld+json\" class=\"yoast-schema-graph\">{\"@context\":\"https:\/\/schema.org\",\"@graph\":[{\"@type\":\"WebPage\",\"@id\":\"https:\/\/ons-legal.com\/tr\/iletisim\/\",\"url\":\"https:\/\/ons-legal.com\/tr\/iletisim\/\",\"name\":\"\u0130leti\u015fim - Ons Legal\",\"isPartOf\":{\"@id\":\"\/#website\"},\"datePublished\":\"2021-05-28T13:53:04+00:00\",\"dateModified\":\"2025-12-04T23:46:39+00:00\",\"breadcrumb\":{\"@id\":\"https:\/\/ons-legal.com\/tr\/iletisim\/#breadcrumb\"},\"inLanguage\":\"tr\",\"potentialAction\":[{\"@type\":\"ReadAction\",\"target\":[\"https:\/\/ons-legal.com\/tr\/iletisim\/\"]}]},{\"@type\":\"BreadcrumbList\",\"@id\":\"https:\/\/ons-legal.com\/tr\/iletisim\/#breadcrumb\",\"itemListElement\":[{\"@type\":\"ListItem\",\"position\":1,\"name\":\"Anasayfa\",\"item\":\"https:\/\/ons-legal.com\/tr\/\"},{\"@type\":\"ListItem\",\"position\":2,\"name\":\"\u0130leti\u015fim\"}]},{\"@type\":\"WebSite\",\"@id\":\"\/#website\",\"url\":\"\/\",\"name\":\"Ons Legal\",\"description\":\"Markan\u0131z\u0131 Biz Koruyoruz\",\"publisher\":{\"@id\":\"\/#organization\"},\"potentialAction\":[{\"@type\":\"SearchAction\",\"target\":{\"@type\":\"EntryPoint\",\"urlTemplate\":\"\/?s={search_term_string}\"},\"query-input\":\"required name=search_term_string\"}],\"inLanguage\":\"tr\"},{\"@type\":\"Organization\",\"@id\":\"\/#organization\",\"name\":\"Ons Patent\",\"url\":\"\/\",\"logo\":{\"@type\":\"ImageObject\",\"inLanguage\":\"tr\",\"@id\":\"\/#\/schema\/logo\/image\/\",\"url\":\"https:\/\/ons-legal.com\/wp-content\/uploads\/2021\/09\/ons-siyah.png\",\"contentUrl\":\"https:\/\/ons-legal.com\/wp-content\/uploads\/2021\/09\/ons-siyah.png\",\"width\":418,\"height\":260,\"caption\":\"Ons Patent\"},\"image\":{\"@id\":\"\/#\/schema\/logo\/image\/\"},\"sameAs\":[\"https:\/\/facebook.com\/ons-legal\",\"https:\/\/instagram.com\/ons-legal\"]}]}<\/script>\n<!-- \/ Yoast SEO plugin. -->","yoast_head_json":{"title":"\u0130leti\u015fim - Ons Legal","robots":{"index":"index","follow":"follow","max-snippet":"max-snippet:-1","max-image-preview":"max-image-preview:large","max-video-preview":"max-video-preview:-1"},"canonical":"https:\/\/ons-legal.com\/tr\/iletisim\/","og_locale":"tr_TR","og_type":"article","og_title":"\u0130leti\u015fim - Ons Legal","og_description":"[vc_row content_placement=&#8221;middle&#8221; responsive_css=&#8221;padding_top_medium:100px|padding_bottom_medium:100px|padding_top_small:80px|padding_bottom_small:80px&#8221; css=&#8221;.vc_custom_1610102039754{padding-top: 30px !important;padding-bottom: 60px !important;}&#8221;][vc_column enable_content_animation=&#8221;yes&#8221; ca_init_scale_x=&#8221;1&#8243; ca_init_scale_y=&#8221;1&#8243; ca_init_opacity=&#8221;0&#8243; ca_an_scale_x=&#8221;1&#8243; ca_an_scale_y=&#8221;1&#8243; ca_an_opacity=&#8221;1&#8243; ca_init_scale_z=&#8221;1&#8243; ca_an_scale_z=&#8221;1&#8243; offset=&#8221;vc_col-lg-4 vc_col-md-6&#8243; ca_duration=&#8221;1800&#8243; ca_delay=&#8221;180&#8243; ca_init_translate_y=&#8221;60&#8243; css=&#8221;.vc_custom_1611401104375{padding-top: 35px !important;padding-bottom: 35px !important;}&#8221;][\/vc_column][vc_column enable_column_shadowbox=&#8221;yes&#8221; enable_content_animation=&#8221;yes&#8221; ca_init_scale_x=&#8221;1&#8243; ca_init_scale_y=&#8221;1&#8243; ca_init_opacity=&#8221;0&#8243; ca_an_scale_x=&#8221;1&#8243; ca_an_scale_y=&#8221;1&#8243; ca_an_opacity=&#8221;1&#8243; ca_init_scale_z=&#8221;1&#8243; ca_an_scale_z=&#8221;1&#8243; offset=&#8221;vc_col-md-offset-1 vc_col-md-7&#8243; css=&#8221;.vc_custom_1611401114925{padding-top: 35px !important;padding-right: 50px !important;padding-bottom: 40px !important;padding-left: 50px !important;background-color: #ffffff !important;border-radius: 5px !important;}&#8221; column_box_shadow=&#8221;%5B%7B%22x_offset%22%3A%220%22%2C%22y_offset%22%3A%2210px%22%2C%22blur_radius%22%3A%2260px%22%2C%22shadow_color%22%3A%22rgba(0%2C%200%2C%200%2C%200.07)%22%7D%5D&#8221; responsive_css=&#8221;padding_bottom_medium:20px&#8221; ca_duration=&#8221;1800&#8243; [&hellip;]","og_url":"https:\/\/ons-legal.com\/tr\/iletisim\/","og_site_name":"Ons Legal","article_publisher":"https:\/\/facebook.com\/ons-legal","article_modified_time":"2025-12-04T23:46:39+00:00","twitter_card":"summary_large_image","twitter_misc":{"Tahmini okuma s\u00fcresi":"2 dakika"},"schema":{"@context":"https:\/\/schema.org","@graph":[{"@type":"WebPage","@id":"https:\/\/ons-legal.com\/tr\/iletisim\/","url":"https:\/\/ons-legal.com\/tr\/iletisim\/","name":"\u0130leti\u015fim - Ons Legal","isPartOf":{"@id":"\/#website"},"datePublished":"2021-05-28T13:53:04+00:00","dateModified":"2025-12-04T23:46:39+00:00","breadcrumb":{"@id":"https:\/\/ons-legal.com\/tr\/iletisim\/#breadcrumb"},"inLanguage":"tr","potentialAction":[{"@type":"ReadAction","target":["https:\/\/ons-legal.com\/tr\/iletisim\/"]}]},{"@type":"BreadcrumbList","@id":"https:\/\/ons-legal.com\/tr\/iletisim\/#breadcrumb","itemListElement":[{"@type":"ListItem","position":1,"name":"Anasayfa","item":"https:\/\/ons-legal.com\/tr\/"},{"@type":"ListItem","position":2,"name":"\u0130leti\u015fim"}]},{"@type":"WebSite","@id":"\/#website","url":"\/","name":"Ons Legal","description":"Markan\u0131z\u0131 Biz Koruyoruz","publisher":{"@id":"\/#organization"},"potentialAction":[{"@type":"SearchAction","target":{"@type":"EntryPoint","urlTemplate":"\/?s={search_term_string}"},"query-input":"required name=search_term_string"}],"inLanguage":"tr"},{"@type":"Organization","@id":"\/#organization","name":"Ons Patent","url":"\/","logo":{"@type":"ImageObject","inLanguage":"tr","@id":"\/#\/schema\/logo\/image\/","url":"https:\/\/ons-legal.com\/wp-content\/uploads\/2021\/09\/ons-siyah.png","contentUrl":"https:\/\/ons-legal.com\/wp-content\/uploads\/2021\/09\/ons-siyah.png","width":418,"height":260,"caption":"Ons Patent"},"image":{"@id":"\/#\/schema\/logo\/image\/"},"sameAs":["https:\/\/facebook.com\/ons-legal","https:\/\/instagram.com\/ons-legal"]}]}},"_links":{"self":[{"href":"https:\/\/ons-legal.com\/tr\/wp-json\/wp\/v2\/pages\/3729","targetHints":{"allow":["GET"]}}],"collection":[{"href":"https:\/\/ons-legal.com\/tr\/wp-json\/wp\/v2\/pages"}],"about":[{"href":"https:\/\/ons-legal.com\/tr\/wp-json\/wp\/v2\/types\/page"}],"author":[{"embeddable":true,"href":"https:\/\/ons-legal.com\/tr\/wp-json\/wp\/v2\/users\/1"}],"replies":[{"embeddable":true,"href":"https:\/\/ons-legal.com\/tr\/wp-json\/wp\/v2\/comments?post=3729"}],"version-history":[{"count":17,"href":"https:\/\/ons-legal.com\/tr\/wp-json\/wp\/v2\/pages\/3729\/revisions"}],"predecessor-version":[{"id":4460,"href":"https:\/\/ons-legal.com\/tr\/wp-json\/wp\/v2\/pages\/3729\/revisions\/4460"}],"wp:attachment":[{"href":"https:\/\/ons-legal.com\/tr\/wp-json\/wp\/v2\/media?parent=3729"}],"curies":[{"name":"wp","href":"https:\/\/api.w.org\/{rel}","templated":true}]}}