{"id":4114,"date":"2021-09-27T22:15:31","date_gmt":"2021-09-27T22:15:31","guid":{"rendered":"https:\/\/ons-legal.com\/tr\/?page_id=4114"},"modified":"2024-03-16T22:28:03","modified_gmt":"2024-03-16T22:28:03","slug":"bilgi-teknolojileri","status":"publish","type":"page","link":"https:\/\/ons-legal.com\/tr\/bilgi-teknolojileri\/","title":{"rendered":"Bilgi Teknolojileri"},"content":{"rendered":"<p>[vc_row content_placement=&#8221;middle&#8221; css=&#8221;.vc_custom_1632784248610{padding-top: 60px !important;padding-bottom: 60px !important;}&#8221;][vc_column column_content_align=&#8221;justify-content-center&#8221; width=&#8221;1\/6&#8243; column_top_ontablet=&#8221;yes&#8221; column_top_onmobile=&#8221;yes&#8221; responsive_css=&#8221;margin_bottom_medium:0px&#8221; css=&#8221;.vc_custom_1632784242460{margin-bottom: 35px !important;}&#8221;][\/vc_column][vc_column width=&#8221;2\/3&#8243;]<style>.ld_content_box_69e361c5b6ddc h2{font-weight:700 !important;}.ld_content_box_69e361c5b6ddc .lqd-fb-bg{background:-webkit-linear-gradient(180deg, rgba(255, 255, 255, 0) 0%, rgba(24, 27, 49, 0.6) 100%);background:linear-gradient(180deg, rgba(255, 255, 255, 0) 0%, rgba(24, 27, 49, 0.6) 100%);}<\/style><div id=\"ld_content_box_69e361c5b6ddc\" class=\"lqd-fb lqd-fb-style-1 lqd-fb-style-1-3 round pos-rel overflow-hidden lqd-fb-zoom-img-onhover h-pt-60 ld_content_box_69e361c5b6ddc\" data-inview=\"true\">\n\t<div class=\"lqd-fb-inner lqd-overlay\">\n\n\t\t<div class=\"lqd-fb-img lqd-overlay overflow-hidden\">\n\n\t\t<figure data-responsive-bg=\"true\"><img loading=\"lazy\" decoding=\"async\" width=\"1000\" height=\"568\" src=\"data:image\/svg+xml,%3Csvg xmlns=&#039;http:\/\/www.w3.org\/2000\/svg&#039; viewBox=&#039;0 0 1000 568&#039;%3E%3C\/svg%3E\" class=\"w-100 invisible ld-lazyload\" alt=\"\" data-src=\"https:\/\/ons-legal.com\/tr\/wp-content\/uploads\/2024\/03\/01.jpg\" data-srcset=\"https:\/\/ons-legal.com\/tr\/wp-content\/uploads\/2024\/03\/01.jpg 1000w, https:\/\/ons-legal.com\/tr\/wp-content\/uploads\/2024\/03\/01-300x170.jpg 300w\" data-sizes=\"(max-width: 1000px) 100vw, 1000px\" data-aspect=\"1.7605633802817\" \/><\/figure>\t\t\n\t\t<\/div>\n\n\t\t<div class=\"lqd-fb-content lqd-overlay align-items-end\">\n\t\t\t<div class=\"lqd-fb-bg lqd-overlay\"><\/div>\n\t\t\t<div class=\"lqd-fb-hover-overlay lqd-overlay\"><\/div>\n\t\t\t<div class=\"lqd-fb-content-inner d-flex flex-column justify-content-end pos-rel h-100 w-100 w-md-75 p-4 p-md-8\">\n\t\t\t\t\n\t\t\t\t\t\t\t\t\n\t\t\t\t<div\n\t\t\t\tclass=\"lqd-fb-content-bottom mt-auto\"\n\t\t\t\tdata-custom-animations=\"true\"\n\t\t\t\tdata-ca-options='{ \"triggerHandler\": \"inview\", \"animationTarget\": \"all-childs\", \"duration\": 1200, \"delay\": 120,  \"startDelay\": 300, \"initValues\": { \"y\": 30, \"opacity\": 0 }, \"animations\": { \"y\": 0, \"opacity\": 1 } }'>\n\t\t\t\t\t\n\t\t\t\t\t\t\t\t\t\t<h2\n\t\t\t\t\tclass=\"my-0 mb-3\"\n\t\t\t\t\tdata-split-text=\"true\" data-split-options='{ \"type\": \"lines\" }'>Bilgi Teknolojileri<\/h2>\n\t\t\t\t\t\t\t\t\t\t\n\t\t\t\t\t\n\t\t\t\t\t\n\t\t\t\t\t\n\t\t\t\t<\/div>\n\t\t\t\t\n\t\t\t<\/div>\n\t\t<\/div>\n\n\t<\/div>\n<\/div>\n[vc_separator color=&#8221;custom&#8221; accent_color=&#8221;rgba(0,0,0,0.1)&#8221; css=&#8221;.vc_custom_1608195223630{margin-top: 20px !important;}&#8221;]<style>.ld_fancy_heading_69e361c5c519c h3 {font-size:25px; } .ld_fancy_heading_69e361c5c519c h3 {margin-bottom:1em !important;  } .ld_fancy_heading_69e361c5c519c .lqd-highlight-inner{height:0.275em;bottom:0px;}.ld_fancy_heading_69e361c5c519c h3 {font-size:25px; } .ld_fancy_heading_69e361c5c519c h3 {margin-bottom:1em !important;  } <\/style><div class=\"ld-fancy-heading ld_fancy_heading_69e361c5c519c\">\n\t<h3 class=\"ld-fh-element lqd-highlight-underline lqd-highlight-grow-left text-decoration-default\"   >  Hizmetlerimiz<\/h3><\/div>[vc_row_inner][vc_column_inner][vc_column_text]<\/p>\n<ul>\n<li>E-ticaret ve buy-box konular\u0131ndaki uygulamalara y\u00f6nelik hukuki dan\u0131\u015fmanl\u0131k<\/li>\n<li>Lisanslama, fikri m\u00fclkiyet haklar\u0131n\u0131n korunmas\u0131, kay\u0131t ve tescil kapsam\u0131nda i\u015flemlerin takibi<\/li>\n<li>Bili\u015fim hukuku, marka ve telif haklar\u0131, alan adlar\u0131ndan kaynaklanan uyu\u015fmazl\u0131klar, bayii ili\u015fkileri konular\u0131nda dan\u0131\u015fmanl\u0131k<\/li>\n<li>\u0130nternet i\u00e7erik sa\u011flay\u0131c\u0131 ve yer sa\u011flay\u0131c\u0131s\u0131na y\u00f6nelik dan\u0131\u015fmanl\u0131k<\/li>\n<li>\u0130nternet \u00fczerinden mal ve hizmet satan \u015firketlere y\u00f6nelik olarak hukuki dan\u0131\u015fmanl\u0131k hizmetleri verilmesi ve hukuki alt yap\u0131n\u0131n haz\u0131rlanmas\u0131<\/li>\n<li>\u0130nternet yoluyla olu\u015fan ihlallerin takibi ve sonu\u00e7land\u0131r\u0131lmas\u0131<\/li>\n<li>Mesafeli al\u0131m-sat\u0131m s\u00f6zle\u015fme \u00f6rnekleri haz\u0131rlanmas\u0131, abonelik sistemlerinin kurulmas\u0131, t\u00fcketicilerin haklar\u0131n\u0131n korunmas\u0131, telif ve fikri ve s\u0131nai haklar\u0131n internet \u00fczerinden kullan\u0131m\u0131 i\u00e7in hukuki altyap\u0131 kurulmas\u0131<\/li>\n<\/ul>\n<p>[\/vc_column_text][\/vc_column_inner][\/vc_row_inner][vc_separator color=&#8221;custom&#8221; accent_color=&#8221;rgba(0,0,0,0.1)&#8221; css=&#8221;.vc_custom_1608195223630{margin-top: 20px !important;}&#8221;][\/vc_column][vc_column width=&#8221;1\/6&#8243;][\/vc_column][\/vc_row][vc_row content_placement=&#8221;middle&#8221; disable_element=&#8221;yes&#8221; css=&#8221;.vc_custom_1634144444654{padding-top: 60px !important;padding-bottom: 60px !important;}&#8221;][vc_column column_content_align=&#8221;justify-content-center&#8221; width=&#8221;1\/2&#8243; column_top_ontablet=&#8221;yes&#8221; column_top_onmobile=&#8221;yes&#8221; responsive_css=&#8221;margin_bottom_medium:0px&#8221; css=&#8221;.vc_custom_1632784242460{margin-bottom: 35px !important;}&#8221;]<style>.ld_content_box_69e361c5c5984 h2{font-weight:700 !important;}.ld_content_box_69e361c5c5984 .lqd-fb-bg{background:-webkit-linear-gradient(180deg, rgba(255, 255, 255, 0) 0%, rgba(24, 27, 49, 0.6) 100%);background:linear-gradient(180deg, rgba(255, 255, 255, 0) 0%, rgba(24, 27, 49, 0.6) 100%);}<\/style><div id=\"ld_content_box_69e361c5c5984\" class=\"lqd-fb lqd-fb-style-1 lqd-fb-style-1-3 round pos-rel overflow-hidden lqd-fb-zoom-img-onhover h-pt-60 ld_content_box_69e361c5c5984\" data-inview=\"true\">\n\t<div class=\"lqd-fb-inner lqd-overlay\">\n\n\t\t<div class=\"lqd-fb-img lqd-overlay overflow-hidden\">\n\n\t\t<figure data-responsive-bg=\"true\"><img loading=\"lazy\" decoding=\"async\" width=\"1024\" height=\"598\" src=\"data:image\/svg+xml,%3Csvg xmlns=&#039;http:\/\/www.w3.org\/2000\/svg&#039; viewBox=&#039;0 0 1024 598&#039;%3E%3C\/svg%3E\" class=\"w-100 invisible ld-lazyload\" alt=\"patent-banner\" data-src=\"https:\/\/ons-legal.com\/tr\/wp-content\/uploads\/2021\/09\/patent-banner.jpg\" data-srcset=\"https:\/\/ons-legal.com\/tr\/wp-content\/uploads\/2021\/09\/patent-banner.jpg 1024w, https:\/\/ons-legal.com\/tr\/wp-content\/uploads\/2021\/09\/patent-banner-300x175.jpg 300w\" data-sizes=\"(max-width: 1024px) 100vw, 1024px\" data-aspect=\"1.7123745819398\" \/><\/figure>\t\t\n\t\t<\/div>\n\n\t\t<div class=\"lqd-fb-content lqd-overlay align-items-end\">\n\t\t\t<div class=\"lqd-fb-bg lqd-overlay\"><\/div>\n\t\t\t<div class=\"lqd-fb-hover-overlay lqd-overlay\"><\/div>\n\t\t\t<div class=\"lqd-fb-content-inner d-flex flex-column justify-content-end pos-rel h-100 w-100 w-md-75 p-4 p-md-8\">\n\t\t\t\t\n\t\t\t\t\t\t\t\t\n\t\t\t\t<div\n\t\t\t\tclass=\"lqd-fb-content-bottom mt-auto\"\n\t\t\t\tdata-custom-animations=\"true\"\n\t\t\t\tdata-ca-options='{ \"triggerHandler\": \"inview\", \"animationTarget\": \"all-childs\", \"duration\": 1200, \"delay\": 120,  \"startDelay\": 300, \"initValues\": { \"y\": 30, \"opacity\": 0 }, \"animations\": { \"y\": 0, \"opacity\": 1 } }'>\n\t\t\t\t\t\n\t\t\t\t\t\t\t\t\t\t<h2\n\t\t\t\t\tclass=\"my-0 mb-3\"\n\t\t\t\t\tdata-split-text=\"true\" data-split-options='{ \"type\": \"lines\" }'>Bilgi Teknolojileri<\/h2>\n\t\t\t\t\t\t\t\t\t\t\n\t\t\t\t\t\n\t\t\t\t\t\t\t\t\t\t<p\n\t\t\t\t\tclass=\"my-0 mb-5\"\n\t\t\t\t\tdata-split-text=\"true\" data-split-options='{ \"type\": \"lines\" }'><\/p>\n<div class=\"split-unit lqd-lines\"><span style=\"font-weight: 400; color: #ffffff;\">Dava Takibi ve Dan\u0131\u015fmanl\u0131k<\/span><\/div>\n<p><\/p>\n\t\t\t\t\t\n\t\t\t\t\t\n\t\t\t\t<\/div>\n\t\t\t\t\n\t\t\t<\/div>\n\t\t<\/div>\n\n\t<\/div>\n<\/div>\n[\/vc_column][vc_column width=&#8221;1\/2&#8243;][vc_separator color=&#8221;custom&#8221; accent_color=&#8221;rgba(0,0,0,0.1)&#8221; css=&#8221;.vc_custom_1608195223630{margin-top: 20px !important;}&#8221;]<style>.ld_fancy_heading_69e361c5d31c5 h3 {font-size:25px; } .ld_fancy_heading_69e361c5d31c5 h3 {margin-bottom:1em !important;  } .ld_fancy_heading_69e361c5d31c5 .lqd-highlight-inner{height:0.275em;bottom:0px;}.ld_fancy_heading_69e361c5d31c5 h3 {font-size:25px; } .ld_fancy_heading_69e361c5d31c5 h3 {margin-bottom:1em !important;  } <\/style><div class=\"ld-fancy-heading ld_fancy_heading_69e361c5d31c5\">\n\t<h3 class=\"ld-fh-element lqd-highlight-underline lqd-highlight-grow-left text-decoration-default\"   >  Hizmetlerimiz<\/h3><\/div>[vc_row_inner][vc_column_inner width=&#8221;1\/2&#8243;]<style>.ld_custom_menu_69e361c5d3a9b > ul > li > a{color:rgb(39, 39, 39);}.ld_custom_menu_69e361c5d3a9b > ul > li:not(:last-child){margin-bottom:15px;}.lqd-stickybar > .lqd-head-col > .header-module > .ld_custom_menu_69e361c5d3a9b li{margin-inline-start:15px;}<\/style><div  \n\tclass=\"lqd-fancy-menu lqd-custom-menu lqd-menu-td-none ld_custom_menu_69e361c5d3a9b\"\n\t>\n\n\t<ul class=\"reset-ul\" id=\"ld_custom_menu_69e361c5d3a9b\" >\n\t<li><a href=\"#\" target=\"_blank\"><span class=\"link-icon left-icon icon-next-to-label\"><i class=\"lqd-icn-ess icon-ion-ios-checkmark\"><\/i><\/span> E-ticaret ve buy-box konular\u0131ndaki uygulamalara y\u00f6nelik hukuki dan\u0131\u015fmanl\u0131k<\/a><\/li><li><a href=\"#\" target=\"_blank\"><span class=\"link-icon left-icon icon-next-to-label\"><i class=\"lqd-icn-ess icon-ion-ios-checkmark\"><\/i><\/span> Lisanslama, fikri m\u00fclkiyet haklar\u0131n\u0131n korunmas\u0131, kay\u0131t ve tescil kapsam\u0131nda i\u015flemlerin takibi<\/a><\/li><li><a href=\"#\" target=\"_blank\"><span class=\"link-icon left-icon icon-next-to-label\"><i class=\"lqd-icn-ess icon-ion-ios-checkmark\"><\/i><\/span> Bili\u015fim hukuku, marka ve telif haklar\u0131, alan adlar\u0131ndan kaynaklanan uyu\u015fmazl\u0131klar, bayii ili\u015fkileri konular\u0131nda dan\u0131\u015fmanl\u0131k<\/a><\/li><li><a href=\"#\" target=\"_blank\"><span class=\"link-icon left-icon icon-next-to-label\"><i class=\"lqd-icn-ess icon-ion-ios-checkmark\"><\/i><\/span> \u0130nternet i\u00e7erik sa\u011flay\u0131c\u0131 ve yer sa\u011flay\u0131c\u0131s\u0131na y\u00f6nelik dan\u0131\u015fmanl\u0131k<\/a><\/li>\t<\/ul>\n<\/div>[\/vc_column_inner][vc_column_inner width=&#8221;1\/2&#8243;]<style>.ld_custom_menu_69e361c5d3c9e > ul > li > a{color:rgb(39, 39, 39);}.ld_custom_menu_69e361c5d3c9e > ul > li:not(:last-child){margin-bottom:15px;}.lqd-stickybar > .lqd-head-col > .header-module > .ld_custom_menu_69e361c5d3c9e li{margin-inline-start:15px;}<\/style><div  \n\tclass=\"lqd-fancy-menu lqd-custom-menu lqd-menu-td-none ld_custom_menu_69e361c5d3c9e\"\n\t>\n\n\t<ul class=\"reset-ul\" id=\"ld_custom_menu_69e361c5d3c9e\" >\n\t<li><a href=\"#\" target=\"_blank\"><span class=\"link-icon left-icon icon-next-to-label\"><i class=\"lqd-icn-ess icon-ion-ios-checkmark\"><\/i><\/span> \u0130nternet \u00fczerinden mal ve hizmet satan \u015firketlere y\u00f6nelik olarak hukuki dan\u0131\u015fmanl\u0131k hizmetleri verilmesi ve hukuki alt yap\u0131n\u0131n haz\u0131rlanmas\u0131<\/a><\/li><li><a href=\"#\" target=\"_blank\"><span class=\"link-icon left-icon icon-next-to-label\"><i class=\"lqd-icn-ess icon-ion-ios-checkmark\"><\/i><\/span> \u0130nternet yoluyla olu\u015fan ihlallerin takibi ve sonu\u00e7land\u0131r\u0131lmas\u0131<\/a><\/li><li><a href=\"#\" target=\"_blank\"><span class=\"link-icon left-icon icon-next-to-label\"><i class=\"lqd-icn-ess icon-ion-ios-checkmark\"><\/i><\/span> Mesafeli al\u0131m-sat\u0131m s\u00f6zle\u015fme \u00f6rnekleri haz\u0131rlanmas\u0131, abonelik sistemlerinin kurulmas\u0131, t\u00fcketicilerin haklar\u0131n\u0131n korunmas\u0131, telif ve fikri ve s\u0131nai haklar\u0131n internet \u00fczerinden kullan\u0131m\u0131 i\u00e7in hukuki altyap\u0131 kurulmas\u0131<\/a><\/li>\t<\/ul>\n<\/div>[\/vc_column_inner][\/vc_row_inner][vc_separator color=&#8221;custom&#8221; accent_color=&#8221;rgba(0,0,0,0.1)&#8221; css=&#8221;.vc_custom_1608195223630{margin-top: 20px !important;}&#8221;][\/vc_column][\/vc_row]<\/p>\n","protected":false},"excerpt":{"rendered":"<p>[vc_row content_placement=&#8221;middle&#8221; css=&#8221;.vc_custom_1632784248610{padding-top: 60px !important;padding-bottom: 60px !important;}&#8221;][vc_column column_content_align=&#8221;justify-content-center&#8221; width=&#8221;1\/6&#8243; column_top_ontablet=&#8221;yes&#8221; column_top_onmobile=&#8221;yes&#8221; responsive_css=&#8221;margin_bottom_medium:0px&#8221; css=&#8221;.vc_custom_1632784242460{margin-bottom: 35px !important;}&#8221;][\/vc_column][vc_column width=&#8221;2\/3&#8243;][vc_separator color=&#8221;custom&#8221; accent_color=&#8221;rgba(0,0,0,0.1)&#8221; css=&#8221;.vc_custom_1608195223630{margin-top: 20px !important;}&#8221;][vc_row_inner][vc_column_inner][vc_column_text] E-ticaret ve buy-box konular\u0131ndaki uygulamalara y\u00f6nelik hukuki dan\u0131\u015fmanl\u0131k Lisanslama, fikri m\u00fclkiyet haklar\u0131n\u0131n korunmas\u0131, kay\u0131t ve tescil kapsam\u0131nda i\u015flemlerin takibi Bili\u015fim hukuku, marka ve telif haklar\u0131, alan adlar\u0131ndan kaynaklanan uyu\u015fmazl\u0131klar, bayii ili\u015fkileri konular\u0131nda dan\u0131\u015fmanl\u0131k \u0130nternet [&hellip;]<\/p>\n","protected":false},"author":1,"featured_media":0,"parent":0,"menu_order":0,"comment_status":"closed","ping_status":"closed","template":"","meta":{"footnotes":""},"class_list":["post-4114","page","type-page","status-publish","hentry"],"yoast_head":"<!-- This site is optimized with the Yoast SEO plugin v22.0 - https:\/\/yoast.com\/wordpress\/plugins\/seo\/ -->\n<title>Bilgi Teknolojileri - Ons Legal<\/title>\n<meta name=\"robots\" content=\"index, follow, max-snippet:-1, max-image-preview:large, max-video-preview:-1\" \/>\n<link rel=\"canonical\" href=\"https:\/\/ons-legal.com\/tr\/bilgi-teknolojileri\/\" \/>\n<meta property=\"og:locale\" content=\"tr_TR\" \/>\n<meta property=\"og:type\" content=\"article\" \/>\n<meta property=\"og:title\" content=\"Bilgi Teknolojileri - Ons Legal\" \/>\n<meta property=\"og:description\" content=\"[vc_row content_placement=&#8221;middle&#8221; css=&#8221;.vc_custom_1632784248610{padding-top: 60px !important;padding-bottom: 60px !important;}&#8221;][vc_column column_content_align=&#8221;justify-content-center&#8221; width=&#8221;1\/6&#8243; column_top_ontablet=&#8221;yes&#8221; column_top_onmobile=&#8221;yes&#8221; responsive_css=&#8221;margin_bottom_medium:0px&#8221; css=&#8221;.vc_custom_1632784242460{margin-bottom: 35px !important;}&#8221;][\/vc_column][vc_column width=&#8221;2\/3&#8243;][vc_separator color=&#8221;custom&#8221; accent_color=&#8221;rgba(0,0,0,0.1)&#8221; css=&#8221;.vc_custom_1608195223630{margin-top: 20px !important;}&#8221;][vc_row_inner][vc_column_inner][vc_column_text] E-ticaret ve buy-box konular\u0131ndaki uygulamalara y\u00f6nelik hukuki dan\u0131\u015fmanl\u0131k Lisanslama, fikri m\u00fclkiyet haklar\u0131n\u0131n korunmas\u0131, kay\u0131t ve tescil kapsam\u0131nda i\u015flemlerin takibi Bili\u015fim hukuku, marka ve telif haklar\u0131, alan adlar\u0131ndan kaynaklanan uyu\u015fmazl\u0131klar, bayii ili\u015fkileri konular\u0131nda dan\u0131\u015fmanl\u0131k \u0130nternet [&hellip;]\" \/>\n<meta property=\"og:url\" content=\"https:\/\/ons-legal.com\/tr\/bilgi-teknolojileri\/\" \/>\n<meta property=\"og:site_name\" content=\"Ons Legal\" \/>\n<meta property=\"article:publisher\" content=\"https:\/\/facebook.com\/ons-legal\" \/>\n<meta property=\"article:modified_time\" content=\"2024-03-16T22:28:03+00:00\" \/>\n<meta name=\"twitter:card\" content=\"summary_large_image\" \/>\n<meta name=\"twitter:label1\" content=\"Tahmini okuma s\u00fcresi\" \/>\n\t<meta name=\"twitter:data1\" content=\"1 dakika\" \/>\n<script type=\"application\/ld+json\" class=\"yoast-schema-graph\">{\"@context\":\"https:\/\/schema.org\",\"@graph\":[{\"@type\":\"WebPage\",\"@id\":\"https:\/\/ons-legal.com\/tr\/bilgi-teknolojileri\/\",\"url\":\"https:\/\/ons-legal.com\/tr\/bilgi-teknolojileri\/\",\"name\":\"Bilgi Teknolojileri - Ons Legal\",\"isPartOf\":{\"@id\":\"\/#website\"},\"datePublished\":\"2021-09-27T22:15:31+00:00\",\"dateModified\":\"2024-03-16T22:28:03+00:00\",\"breadcrumb\":{\"@id\":\"https:\/\/ons-legal.com\/tr\/bilgi-teknolojileri\/#breadcrumb\"},\"inLanguage\":\"tr\",\"potentialAction\":[{\"@type\":\"ReadAction\",\"target\":[\"https:\/\/ons-legal.com\/tr\/bilgi-teknolojileri\/\"]}]},{\"@type\":\"BreadcrumbList\",\"@id\":\"https:\/\/ons-legal.com\/tr\/bilgi-teknolojileri\/#breadcrumb\",\"itemListElement\":[{\"@type\":\"ListItem\",\"position\":1,\"name\":\"Anasayfa\",\"item\":\"https:\/\/ons-legal.com\/tr\/\"},{\"@type\":\"ListItem\",\"position\":2,\"name\":\"Bilgi Teknolojileri\"}]},{\"@type\":\"WebSite\",\"@id\":\"\/#website\",\"url\":\"\/\",\"name\":\"Ons Legal\",\"description\":\"Markan\u0131z\u0131 Biz Koruyoruz\",\"publisher\":{\"@id\":\"\/#organization\"},\"potentialAction\":[{\"@type\":\"SearchAction\",\"target\":{\"@type\":\"EntryPoint\",\"urlTemplate\":\"\/?s={search_term_string}\"},\"query-input\":\"required name=search_term_string\"}],\"inLanguage\":\"tr\"},{\"@type\":\"Organization\",\"@id\":\"\/#organization\",\"name\":\"Ons Patent\",\"url\":\"\/\",\"logo\":{\"@type\":\"ImageObject\",\"inLanguage\":\"tr\",\"@id\":\"\/#\/schema\/logo\/image\/\",\"url\":\"https:\/\/ons-legal.com\/wp-content\/uploads\/2021\/09\/ons-siyah.png\",\"contentUrl\":\"https:\/\/ons-legal.com\/wp-content\/uploads\/2021\/09\/ons-siyah.png\",\"width\":418,\"height\":260,\"caption\":\"Ons Patent\"},\"image\":{\"@id\":\"\/#\/schema\/logo\/image\/\"},\"sameAs\":[\"https:\/\/facebook.com\/ons-legal\",\"https:\/\/instagram.com\/ons-legal\"]}]}<\/script>\n<!-- \/ Yoast SEO plugin. -->","yoast_head_json":{"title":"Bilgi Teknolojileri - Ons Legal","robots":{"index":"index","follow":"follow","max-snippet":"max-snippet:-1","max-image-preview":"max-image-preview:large","max-video-preview":"max-video-preview:-1"},"canonical":"https:\/\/ons-legal.com\/tr\/bilgi-teknolojileri\/","og_locale":"tr_TR","og_type":"article","og_title":"Bilgi Teknolojileri - Ons Legal","og_description":"[vc_row content_placement=&#8221;middle&#8221; css=&#8221;.vc_custom_1632784248610{padding-top: 60px !important;padding-bottom: 60px !important;}&#8221;][vc_column column_content_align=&#8221;justify-content-center&#8221; width=&#8221;1\/6&#8243; column_top_ontablet=&#8221;yes&#8221; column_top_onmobile=&#8221;yes&#8221; responsive_css=&#8221;margin_bottom_medium:0px&#8221; css=&#8221;.vc_custom_1632784242460{margin-bottom: 35px !important;}&#8221;][\/vc_column][vc_column width=&#8221;2\/3&#8243;][vc_separator color=&#8221;custom&#8221; accent_color=&#8221;rgba(0,0,0,0.1)&#8221; css=&#8221;.vc_custom_1608195223630{margin-top: 20px !important;}&#8221;][vc_row_inner][vc_column_inner][vc_column_text] E-ticaret ve buy-box konular\u0131ndaki uygulamalara y\u00f6nelik hukuki dan\u0131\u015fmanl\u0131k Lisanslama, fikri m\u00fclkiyet haklar\u0131n\u0131n korunmas\u0131, kay\u0131t ve tescil kapsam\u0131nda i\u015flemlerin takibi Bili\u015fim hukuku, marka ve telif haklar\u0131, alan adlar\u0131ndan kaynaklanan uyu\u015fmazl\u0131klar, bayii ili\u015fkileri konular\u0131nda dan\u0131\u015fmanl\u0131k \u0130nternet [&hellip;]","og_url":"https:\/\/ons-legal.com\/tr\/bilgi-teknolojileri\/","og_site_name":"Ons Legal","article_publisher":"https:\/\/facebook.com\/ons-legal","article_modified_time":"2024-03-16T22:28:03+00:00","twitter_card":"summary_large_image","twitter_misc":{"Tahmini okuma s\u00fcresi":"1 dakika"},"schema":{"@context":"https:\/\/schema.org","@graph":[{"@type":"WebPage","@id":"https:\/\/ons-legal.com\/tr\/bilgi-teknolojileri\/","url":"https:\/\/ons-legal.com\/tr\/bilgi-teknolojileri\/","name":"Bilgi Teknolojileri - Ons Legal","isPartOf":{"@id":"\/#website"},"datePublished":"2021-09-27T22:15:31+00:00","dateModified":"2024-03-16T22:28:03+00:00","breadcrumb":{"@id":"https:\/\/ons-legal.com\/tr\/bilgi-teknolojileri\/#breadcrumb"},"inLanguage":"tr","potentialAction":[{"@type":"ReadAction","target":["https:\/\/ons-legal.com\/tr\/bilgi-teknolojileri\/"]}]},{"@type":"BreadcrumbList","@id":"https:\/\/ons-legal.com\/tr\/bilgi-teknolojileri\/#breadcrumb","itemListElement":[{"@type":"ListItem","position":1,"name":"Anasayfa","item":"https:\/\/ons-legal.com\/tr\/"},{"@type":"ListItem","position":2,"name":"Bilgi Teknolojileri"}]},{"@type":"WebSite","@id":"\/#website","url":"\/","name":"Ons Legal","description":"Markan\u0131z\u0131 Biz Koruyoruz","publisher":{"@id":"\/#organization"},"potentialAction":[{"@type":"SearchAction","target":{"@type":"EntryPoint","urlTemplate":"\/?s={search_term_string}"},"query-input":"required name=search_term_string"}],"inLanguage":"tr"},{"@type":"Organization","@id":"\/#organization","name":"Ons Patent","url":"\/","logo":{"@type":"ImageObject","inLanguage":"tr","@id":"\/#\/schema\/logo\/image\/","url":"https:\/\/ons-legal.com\/wp-content\/uploads\/2021\/09\/ons-siyah.png","contentUrl":"https:\/\/ons-legal.com\/wp-content\/uploads\/2021\/09\/ons-siyah.png","width":418,"height":260,"caption":"Ons Patent"},"image":{"@id":"\/#\/schema\/logo\/image\/"},"sameAs":["https:\/\/facebook.com\/ons-legal","https:\/\/instagram.com\/ons-legal"]}]}},"_links":{"self":[{"href":"https:\/\/ons-legal.com\/tr\/wp-json\/wp\/v2\/pages\/4114","targetHints":{"allow":["GET"]}}],"collection":[{"href":"https:\/\/ons-legal.com\/tr\/wp-json\/wp\/v2\/pages"}],"about":[{"href":"https:\/\/ons-legal.com\/tr\/wp-json\/wp\/v2\/types\/page"}],"author":[{"embeddable":true,"href":"https:\/\/ons-legal.com\/tr\/wp-json\/wp\/v2\/users\/1"}],"replies":[{"embeddable":true,"href":"https:\/\/ons-legal.com\/tr\/wp-json\/wp\/v2\/comments?post=4114"}],"version-history":[{"count":23,"href":"https:\/\/ons-legal.com\/tr\/wp-json\/wp\/v2\/pages\/4114\/revisions"}],"predecessor-version":[{"id":4444,"href":"https:\/\/ons-legal.com\/tr\/wp-json\/wp\/v2\/pages\/4114\/revisions\/4444"}],"wp:attachment":[{"href":"https:\/\/ons-legal.com\/tr\/wp-json\/wp\/v2\/media?parent=4114"}],"curies":[{"name":"wp","href":"https:\/\/api.w.org\/{rel}","templated":true}]}}