{"id":4122,"date":"2021-09-27T22:25:22","date_gmt":"2021-09-27T22:25:22","guid":{"rendered":"https:\/\/ons-legal.com\/tr\/?page_id=4122"},"modified":"2024-03-16T22:29:20","modified_gmt":"2024-03-16T22:29:20","slug":"dava-alternatif-uyusmazlik-cozum-yollari","status":"publish","type":"page","link":"https:\/\/ons-legal.com\/tr\/dava-alternatif-uyusmazlik-cozum-yollari\/","title":{"rendered":"Dava &#038; Alternatif Uyu\u015fmazl\u0131k \u00c7\u00f6z\u00fcm Yollar\u0131"},"content":{"rendered":"<p>[vc_row content_placement=&#8221;middle&#8221; css=&#8221;.vc_custom_1632784883005{padding-top: 60px !important;padding-bottom: 60px !important;}&#8221;][vc_column width=&#8221;1\/6&#8243; column_top_ontablet=&#8221;yes&#8221; column_top_onmobile=&#8221;yes&#8221; responsive_css=&#8221;margin_bottom_medium:0px&#8221; css=&#8221;.vc_custom_1632784859781{margin-bottom: 35px !important;}&#8221;][\/vc_column][vc_column width=&#8221;2\/3&#8243;]<style>.ld_content_box_69e35dcf7c6f0 h2{font-weight:700 !important;}.ld_content_box_69e35dcf7c6f0 .lqd-fb-bg{background:-webkit-linear-gradient(180deg, rgba(255, 255, 255, 0) 0%, rgba(24, 27, 49, 0.6) 100%);background:linear-gradient(180deg, rgba(255, 255, 255, 0) 0%, rgba(24, 27, 49, 0.6) 100%);}<\/style><div id=\"ld_content_box_69e35dcf7c6f0\" class=\"lqd-fb lqd-fb-style-1 lqd-fb-style-1-3 round pos-rel overflow-hidden lqd-fb-zoom-img-onhover h-pt-60 ld_content_box_69e35dcf7c6f0\" data-inview=\"true\">\n\t<div class=\"lqd-fb-inner lqd-overlay\">\n\n\t\t<div class=\"lqd-fb-img lqd-overlay overflow-hidden\">\n\n\t\t<figure data-responsive-bg=\"true\"><img loading=\"lazy\" decoding=\"async\" width=\"1000\" height=\"568\" src=\"data:image\/svg+xml,%3Csvg xmlns=&#039;http:\/\/www.w3.org\/2000\/svg&#039; viewBox=&#039;0 0 1000 568&#039;%3E%3C\/svg%3E\" class=\"w-100 invisible ld-lazyload\" alt=\"\" data-src=\"https:\/\/ons-legal.com\/tr\/wp-content\/uploads\/2024\/03\/dispute.jpg\" data-srcset=\"https:\/\/ons-legal.com\/tr\/wp-content\/uploads\/2024\/03\/dispute.jpg 1000w, https:\/\/ons-legal.com\/tr\/wp-content\/uploads\/2024\/03\/dispute-300x170.jpg 300w\" data-sizes=\"(max-width: 1000px) 100vw, 1000px\" data-aspect=\"1.7605633802817\" \/><\/figure>\t\t\n\t\t<\/div>\n\n\t\t<div class=\"lqd-fb-content lqd-overlay align-items-end\">\n\t\t\t<div class=\"lqd-fb-bg lqd-overlay\"><\/div>\n\t\t\t<div class=\"lqd-fb-hover-overlay lqd-overlay\"><\/div>\n\t\t\t<div class=\"lqd-fb-content-inner d-flex flex-column justify-content-end pos-rel h-100 w-100 w-md-75 p-4 p-md-8\">\n\t\t\t\t\n\t\t\t\t\t\t\t\t\n\t\t\t\t<div\n\t\t\t\tclass=\"lqd-fb-content-bottom mt-auto\"\n\t\t\t\tdata-custom-animations=\"true\"\n\t\t\t\tdata-ca-options='{ \"triggerHandler\": \"inview\", \"animationTarget\": \"all-childs\", \"duration\": 1200, \"delay\": 120,  \"startDelay\": 300, \"initValues\": { \"y\": 30, \"opacity\": 0 }, \"animations\": { \"y\": 0, \"opacity\": 1 } }'>\n\t\t\t\t\t\n\t\t\t\t\t\t\t\t\t\t<h2\n\t\t\t\t\tclass=\"my-0 mb-3\"\n\t\t\t\t\tdata-split-text=\"true\" data-split-options='{ \"type\": \"lines\" }'>Dava &amp; Alternatif Uyu\u015fmazl\u0131k \u00c7\u00f6z\u00fcm Yollar\u0131<\/h2>\n\t\t\t\t\t\t\t\t\t\t\n\t\t\t\t\t\n\t\t\t\t\t\n\t\t\t\t\t\n\t\t\t\t<\/div>\n\t\t\t\t\n\t\t\t<\/div>\n\t\t<\/div>\n\n\t<\/div>\n<\/div>\n[vc_separator color=&#8221;custom&#8221; accent_color=&#8221;rgba(0,0,0,0.1)&#8221; css=&#8221;.vc_custom_1608195050020{margin-top: 10px !important;}&#8221;]<style>.ld_fancy_heading_69e35dcf8aacb h3 {font-size:25px; } .ld_fancy_heading_69e35dcf8aacb h3 {margin-bottom:1em !important;  } .ld_fancy_heading_69e35dcf8aacb .lqd-highlight-inner{height:0.275em;bottom:0px;}.ld_fancy_heading_69e35dcf8aacb h3 {font-size:25px; } .ld_fancy_heading_69e35dcf8aacb h3 {margin-bottom:1em !important;  } <\/style><div class=\"ld-fancy-heading ld_fancy_heading_69e35dcf8aacb\">\n\t<h3 class=\"ld-fh-element lqd-highlight-underline lqd-highlight-grow-left text-decoration-default\"   >  Hizmetlerimiz<\/h3><\/div>[vc_row_inner][vc_column_inner][vc_column_text]<\/p>\n<ul>\n<li>\u0130hlal halindeki \u00fc\u00e7\u00fcnc\u00fc ki\u015filerin alan adlar\u0131na itiraz<\/li>\n<li>Uyu\u015fmazl\u0131k \u00e7\u00f6z\u00fcmleri (sulh ve UDRP s\u00fcre\u00e7 takibi)<\/li>\n<li>Dava s\u00fcre\u00e7lerinin takibi<\/li>\n<li>Arabuluculuk s\u00fcre\u00e7lerinin takibi<\/li>\n<\/ul>\n<p>[\/vc_column_text][\/vc_column_inner][\/vc_row_inner][vc_separator color=&#8221;custom&#8221; accent_color=&#8221;rgba(0,0,0,0.1)&#8221; css=&#8221;.vc_custom_1608195223630{margin-top: 20px !important;}&#8221;][\/vc_column][vc_column width=&#8221;1\/6&#8243;][\/vc_column][\/vc_row]<\/p>\n","protected":false},"excerpt":{"rendered":"<p>[vc_row content_placement=&#8221;middle&#8221; css=&#8221;.vc_custom_1632784883005{padding-top: 60px !important;padding-bottom: 60px !important;}&#8221;][vc_column width=&#8221;1\/6&#8243; column_top_ontablet=&#8221;yes&#8221; column_top_onmobile=&#8221;yes&#8221; responsive_css=&#8221;margin_bottom_medium:0px&#8221; css=&#8221;.vc_custom_1632784859781{margin-bottom: 35px !important;}&#8221;][\/vc_column][vc_column width=&#8221;2\/3&#8243;][vc_separator color=&#8221;custom&#8221; accent_color=&#8221;rgba(0,0,0,0.1)&#8221; css=&#8221;.vc_custom_1608195050020{margin-top: 10px !important;}&#8221;][vc_row_inner][vc_column_inner][vc_column_text] \u0130hlal halindeki \u00fc\u00e7\u00fcnc\u00fc ki\u015filerin alan adlar\u0131na itiraz Uyu\u015fmazl\u0131k \u00e7\u00f6z\u00fcmleri (sulh ve UDRP s\u00fcre\u00e7 takibi) Dava s\u00fcre\u00e7lerinin takibi Arabuluculuk s\u00fcre\u00e7lerinin takibi [\/vc_column_text][\/vc_column_inner][\/vc_row_inner][vc_separator color=&#8221;custom&#8221; accent_color=&#8221;rgba(0,0,0,0.1)&#8221; css=&#8221;.vc_custom_1608195223630{margin-top: 20px !important;}&#8221;][\/vc_column][vc_column width=&#8221;1\/6&#8243;][\/vc_column][\/vc_row]<\/p>\n","protected":false},"author":1,"featured_media":0,"parent":0,"menu_order":0,"comment_status":"closed","ping_status":"closed","template":"","meta":{"footnotes":""},"class_list":["post-4122","page","type-page","status-publish","hentry"],"yoast_head":"<!-- This site is optimized with the Yoast SEO plugin v22.0 - https:\/\/yoast.com\/wordpress\/plugins\/seo\/ -->\n<title>Dava &amp; Alternatif Uyu\u015fmazl\u0131k \u00c7\u00f6z\u00fcm Yollar\u0131 - Ons Legal<\/title>\n<meta name=\"robots\" content=\"index, follow, max-snippet:-1, max-image-preview:large, max-video-preview:-1\" \/>\n<link rel=\"canonical\" href=\"https:\/\/ons-legal.com\/tr\/dava-alternatif-uyusmazlik-cozum-yollari\/\" \/>\n<meta property=\"og:locale\" content=\"tr_TR\" \/>\n<meta property=\"og:type\" content=\"article\" \/>\n<meta property=\"og:title\" content=\"Dava &amp; Alternatif Uyu\u015fmazl\u0131k \u00c7\u00f6z\u00fcm Yollar\u0131 - Ons Legal\" \/>\n<meta property=\"og:description\" content=\"[vc_row content_placement=&#8221;middle&#8221; css=&#8221;.vc_custom_1632784883005{padding-top: 60px !important;padding-bottom: 60px !important;}&#8221;][vc_column width=&#8221;1\/6&#8243; column_top_ontablet=&#8221;yes&#8221; column_top_onmobile=&#8221;yes&#8221; responsive_css=&#8221;margin_bottom_medium:0px&#8221; css=&#8221;.vc_custom_1632784859781{margin-bottom: 35px !important;}&#8221;][\/vc_column][vc_column width=&#8221;2\/3&#8243;][vc_separator color=&#8221;custom&#8221; accent_color=&#8221;rgba(0,0,0,0.1)&#8221; css=&#8221;.vc_custom_1608195050020{margin-top: 10px !important;}&#8221;][vc_row_inner][vc_column_inner][vc_column_text] \u0130hlal halindeki \u00fc\u00e7\u00fcnc\u00fc ki\u015filerin alan adlar\u0131na itiraz Uyu\u015fmazl\u0131k \u00e7\u00f6z\u00fcmleri (sulh ve UDRP s\u00fcre\u00e7 takibi) Dava s\u00fcre\u00e7lerinin takibi Arabuluculuk s\u00fcre\u00e7lerinin takibi [\/vc_column_text][\/vc_column_inner][\/vc_row_inner][vc_separator color=&#8221;custom&#8221; accent_color=&#8221;rgba(0,0,0,0.1)&#8221; css=&#8221;.vc_custom_1608195223630{margin-top: 20px !important;}&#8221;][\/vc_column][vc_column width=&#8221;1\/6&#8243;][\/vc_column][\/vc_row]\" \/>\n<meta property=\"og:url\" content=\"https:\/\/ons-legal.com\/tr\/dava-alternatif-uyusmazlik-cozum-yollari\/\" \/>\n<meta property=\"og:site_name\" content=\"Ons Legal\" \/>\n<meta property=\"article:publisher\" content=\"https:\/\/facebook.com\/ons-legal\" \/>\n<meta property=\"article:modified_time\" content=\"2024-03-16T22:29:20+00:00\" \/>\n<meta name=\"twitter:card\" content=\"summary_large_image\" \/>\n<meta name=\"twitter:label1\" content=\"Tahmini okuma s\u00fcresi\" \/>\n\t<meta name=\"twitter:data1\" content=\"1 dakika\" \/>\n<script type=\"application\/ld+json\" class=\"yoast-schema-graph\">{\"@context\":\"https:\/\/schema.org\",\"@graph\":[{\"@type\":\"WebPage\",\"@id\":\"https:\/\/ons-legal.com\/tr\/dava-alternatif-uyusmazlik-cozum-yollari\/\",\"url\":\"https:\/\/ons-legal.com\/tr\/dava-alternatif-uyusmazlik-cozum-yollari\/\",\"name\":\"Dava & Alternatif Uyu\u015fmazl\u0131k \u00c7\u00f6z\u00fcm Yollar\u0131 - Ons Legal\",\"isPartOf\":{\"@id\":\"\/#website\"},\"datePublished\":\"2021-09-27T22:25:22+00:00\",\"dateModified\":\"2024-03-16T22:29:20+00:00\",\"breadcrumb\":{\"@id\":\"https:\/\/ons-legal.com\/tr\/dava-alternatif-uyusmazlik-cozum-yollari\/#breadcrumb\"},\"inLanguage\":\"tr\",\"potentialAction\":[{\"@type\":\"ReadAction\",\"target\":[\"https:\/\/ons-legal.com\/tr\/dava-alternatif-uyusmazlik-cozum-yollari\/\"]}]},{\"@type\":\"BreadcrumbList\",\"@id\":\"https:\/\/ons-legal.com\/tr\/dava-alternatif-uyusmazlik-cozum-yollari\/#breadcrumb\",\"itemListElement\":[{\"@type\":\"ListItem\",\"position\":1,\"name\":\"Anasayfa\",\"item\":\"https:\/\/ons-legal.com\/tr\/\"},{\"@type\":\"ListItem\",\"position\":2,\"name\":\"Dava &#038; Alternatif Uyu\u015fmazl\u0131k \u00c7\u00f6z\u00fcm Yollar\u0131\"}]},{\"@type\":\"WebSite\",\"@id\":\"\/#website\",\"url\":\"\/\",\"name\":\"Ons Legal\",\"description\":\"Markan\u0131z\u0131 Biz Koruyoruz\",\"publisher\":{\"@id\":\"\/#organization\"},\"potentialAction\":[{\"@type\":\"SearchAction\",\"target\":{\"@type\":\"EntryPoint\",\"urlTemplate\":\"\/?s={search_term_string}\"},\"query-input\":\"required name=search_term_string\"}],\"inLanguage\":\"tr\"},{\"@type\":\"Organization\",\"@id\":\"\/#organization\",\"name\":\"Ons Patent\",\"url\":\"\/\",\"logo\":{\"@type\":\"ImageObject\",\"inLanguage\":\"tr\",\"@id\":\"\/#\/schema\/logo\/image\/\",\"url\":\"https:\/\/ons-legal.com\/wp-content\/uploads\/2021\/09\/ons-siyah.png\",\"contentUrl\":\"https:\/\/ons-legal.com\/wp-content\/uploads\/2021\/09\/ons-siyah.png\",\"width\":418,\"height\":260,\"caption\":\"Ons Patent\"},\"image\":{\"@id\":\"\/#\/schema\/logo\/image\/\"},\"sameAs\":[\"https:\/\/facebook.com\/ons-legal\",\"https:\/\/instagram.com\/ons-legal\"]}]}<\/script>\n<!-- \/ Yoast SEO plugin. -->","yoast_head_json":{"title":"Dava & Alternatif Uyu\u015fmazl\u0131k \u00c7\u00f6z\u00fcm Yollar\u0131 - Ons Legal","robots":{"index":"index","follow":"follow","max-snippet":"max-snippet:-1","max-image-preview":"max-image-preview:large","max-video-preview":"max-video-preview:-1"},"canonical":"https:\/\/ons-legal.com\/tr\/dava-alternatif-uyusmazlik-cozum-yollari\/","og_locale":"tr_TR","og_type":"article","og_title":"Dava & Alternatif Uyu\u015fmazl\u0131k \u00c7\u00f6z\u00fcm Yollar\u0131 - Ons Legal","og_description":"[vc_row content_placement=&#8221;middle&#8221; css=&#8221;.vc_custom_1632784883005{padding-top: 60px !important;padding-bottom: 60px !important;}&#8221;][vc_column width=&#8221;1\/6&#8243; column_top_ontablet=&#8221;yes&#8221; column_top_onmobile=&#8221;yes&#8221; responsive_css=&#8221;margin_bottom_medium:0px&#8221; css=&#8221;.vc_custom_1632784859781{margin-bottom: 35px !important;}&#8221;][\/vc_column][vc_column width=&#8221;2\/3&#8243;][vc_separator color=&#8221;custom&#8221; accent_color=&#8221;rgba(0,0,0,0.1)&#8221; css=&#8221;.vc_custom_1608195050020{margin-top: 10px !important;}&#8221;][vc_row_inner][vc_column_inner][vc_column_text] \u0130hlal halindeki \u00fc\u00e7\u00fcnc\u00fc ki\u015filerin alan adlar\u0131na itiraz Uyu\u015fmazl\u0131k \u00e7\u00f6z\u00fcmleri (sulh ve UDRP s\u00fcre\u00e7 takibi) Dava s\u00fcre\u00e7lerinin takibi Arabuluculuk s\u00fcre\u00e7lerinin takibi [\/vc_column_text][\/vc_column_inner][\/vc_row_inner][vc_separator color=&#8221;custom&#8221; accent_color=&#8221;rgba(0,0,0,0.1)&#8221; css=&#8221;.vc_custom_1608195223630{margin-top: 20px !important;}&#8221;][\/vc_column][vc_column width=&#8221;1\/6&#8243;][\/vc_column][\/vc_row]","og_url":"https:\/\/ons-legal.com\/tr\/dava-alternatif-uyusmazlik-cozum-yollari\/","og_site_name":"Ons Legal","article_publisher":"https:\/\/facebook.com\/ons-legal","article_modified_time":"2024-03-16T22:29:20+00:00","twitter_card":"summary_large_image","twitter_misc":{"Tahmini okuma s\u00fcresi":"1 dakika"},"schema":{"@context":"https:\/\/schema.org","@graph":[{"@type":"WebPage","@id":"https:\/\/ons-legal.com\/tr\/dava-alternatif-uyusmazlik-cozum-yollari\/","url":"https:\/\/ons-legal.com\/tr\/dava-alternatif-uyusmazlik-cozum-yollari\/","name":"Dava & Alternatif Uyu\u015fmazl\u0131k \u00c7\u00f6z\u00fcm Yollar\u0131 - Ons Legal","isPartOf":{"@id":"\/#website"},"datePublished":"2021-09-27T22:25:22+00:00","dateModified":"2024-03-16T22:29:20+00:00","breadcrumb":{"@id":"https:\/\/ons-legal.com\/tr\/dava-alternatif-uyusmazlik-cozum-yollari\/#breadcrumb"},"inLanguage":"tr","potentialAction":[{"@type":"ReadAction","target":["https:\/\/ons-legal.com\/tr\/dava-alternatif-uyusmazlik-cozum-yollari\/"]}]},{"@type":"BreadcrumbList","@id":"https:\/\/ons-legal.com\/tr\/dava-alternatif-uyusmazlik-cozum-yollari\/#breadcrumb","itemListElement":[{"@type":"ListItem","position":1,"name":"Anasayfa","item":"https:\/\/ons-legal.com\/tr\/"},{"@type":"ListItem","position":2,"name":"Dava &#038; Alternatif Uyu\u015fmazl\u0131k \u00c7\u00f6z\u00fcm Yollar\u0131"}]},{"@type":"WebSite","@id":"\/#website","url":"\/","name":"Ons Legal","description":"Markan\u0131z\u0131 Biz Koruyoruz","publisher":{"@id":"\/#organization"},"potentialAction":[{"@type":"SearchAction","target":{"@type":"EntryPoint","urlTemplate":"\/?s={search_term_string}"},"query-input":"required name=search_term_string"}],"inLanguage":"tr"},{"@type":"Organization","@id":"\/#organization","name":"Ons Patent","url":"\/","logo":{"@type":"ImageObject","inLanguage":"tr","@id":"\/#\/schema\/logo\/image\/","url":"https:\/\/ons-legal.com\/wp-content\/uploads\/2021\/09\/ons-siyah.png","contentUrl":"https:\/\/ons-legal.com\/wp-content\/uploads\/2021\/09\/ons-siyah.png","width":418,"height":260,"caption":"Ons Patent"},"image":{"@id":"\/#\/schema\/logo\/image\/"},"sameAs":["https:\/\/facebook.com\/ons-legal","https:\/\/instagram.com\/ons-legal"]}]}},"_links":{"self":[{"href":"https:\/\/ons-legal.com\/tr\/wp-json\/wp\/v2\/pages\/4122","targetHints":{"allow":["GET"]}}],"collection":[{"href":"https:\/\/ons-legal.com\/tr\/wp-json\/wp\/v2\/pages"}],"about":[{"href":"https:\/\/ons-legal.com\/tr\/wp-json\/wp\/v2\/types\/page"}],"author":[{"embeddable":true,"href":"https:\/\/ons-legal.com\/tr\/wp-json\/wp\/v2\/users\/1"}],"replies":[{"embeddable":true,"href":"https:\/\/ons-legal.com\/tr\/wp-json\/wp\/v2\/comments?post=4122"}],"version-history":[{"count":16,"href":"https:\/\/ons-legal.com\/tr\/wp-json\/wp\/v2\/pages\/4122\/revisions"}],"predecessor-version":[{"id":4446,"href":"https:\/\/ons-legal.com\/tr\/wp-json\/wp\/v2\/pages\/4122\/revisions\/4446"}],"wp:attachment":[{"href":"https:\/\/ons-legal.com\/tr\/wp-json\/wp\/v2\/media?parent=4122"}],"curies":[{"name":"wp","href":"https:\/\/api.w.org\/{rel}","templated":true}]}}